{"id":9779,"date":"2021-09-23T16:23:40","date_gmt":"2021-09-23T14:23:40","guid":{"rendered":"https:\/\/vabiola.org\/politica-de-privacidade\/"},"modified":"2023-11-10T13:33:48","modified_gmt":"2023-11-10T12:33:48","slug":"politica-de-privacidade","status":"publish","type":"page","link":"https:\/\/vabiola.org\/pt-pt\/politica-de-privacidade\/","title":{"rendered":"Pol\u00edtica de Privacidade"},"content":{"rendered":"\t\t<div data-elementor-type=\"wp-page\" data-elementor-id=\"9779\" class=\"elementor elementor-9779 elementor-2398\" data-elementor-post-type=\"page\">\n\t\t\t\t\t\t<section class=\"has_eae_slider elementor-section elementor-top-section elementor-element elementor-element-6f0da772 elementor-section-boxed elementor-section-height-default elementor-section-height-default\" data-eae-slider=\"92067\" data-id=\"6f0da772\" data-element_type=\"section\">\n\t\t\t\t\t\t<div class=\"elementor-container elementor-column-gap-default\">\n\t\t\t\t\t<div class=\"has_eae_slider elementor-column elementor-col-100 elementor-top-column elementor-element elementor-element-27f9732f\" data-eae-slider=\"12572\" data-id=\"27f9732f\" data-element_type=\"column\">\n\t\t\t<div class=\"elementor-widget-wrap elementor-element-populated\">\n\t\t\t\t\t\t\t<\/div>\n\t\t<\/div>\n\t\t\t\t\t<\/div>\n\t\t<\/section>\n\t\t\t\t<section class=\"has_eae_slider elementor-section elementor-top-section elementor-element elementor-element-6e8a550 elementor-section-boxed elementor-section-height-default elementor-section-height-default\" data-eae-slider=\"5202\" data-id=\"6e8a550\" data-element_type=\"section\">\n\t\t\t\t\t\t<div class=\"elementor-container elementor-column-gap-default\">\n\t\t\t\t\t<div class=\"has_eae_slider elementor-column elementor-col-100 elementor-top-column elementor-element elementor-element-62d8300\" data-eae-slider=\"20811\" data-id=\"62d8300\" data-element_type=\"column\">\n\t\t\t<div class=\"elementor-widget-wrap elementor-element-populated\">\n\t\t\t\t\t\t<div class=\"elementor-element elementor-element-9f41a76 elementor-widget elementor-widget-text-editor\" data-id=\"9f41a76\" data-element_type=\"widget\" data-widget_type=\"text-editor.default\">\n\t\t\t\t<div class=\"elementor-widget-container\">\n\t\t\t\t\t\t\t\t\t<p><span style=\"font-weight: 400;\">Este vabiola.org site \u00e9 para uso exclusivo dos funcion\u00e1rios e funcion\u00e1rios eleitos da CMA Auvergne-Rh\u00f4ne-Alpes no \u00e2mbito do seu contrato de trabalho assinado com a CMA Auvergne-Rh\u00f4ne-Alpes.<\/span><\/p>\n<p><span style=\"font-weight: 400;\">Como parte do site vabiola.org, a CMA Auvergne-Rh\u00f4ne-Alpes \u00e9 obrigada a processar dados pessoais de agentes e funcion\u00e1rios eleitos da rede de c\u00e2maras de com\u00e9rcio e artesanato.<\/span><\/p>\n<p><span style=\"font-weight: 400;\"> <\/span><\/p>\n<h3><b>1 \u00b7 Campos de aplica\u00e7\u00e3o<\/b><\/h3>\n<p><span style=\"font-weight: 400;\">A Pol\u00edtica de Privacidade diz respeito a qualquer pessoa singular ligada \u00e0 C\u00e2mara de Com\u00e9rcio e Artesanato da Regi\u00e3o de Auvergne-Rh\u00f4ne-Alpes que tenha acesso ao site (plataforma) como agentes ou funcion\u00e1rios eleitos da rede de C\u00e2maras de Com\u00e9rcio e Artesanato.<\/span><\/p>\n<p><span style=\"font-weight: 400;\">\u00c9 prov\u00e1vel que os utilizadores deste site comuniquem dados pessoais que lhes digam respeito ao editor do site utilizando os v\u00e1rios meios de recolha, ferramentas e servi\u00e7os que lhes s\u00e3o disponibilizados no site:<\/span><\/p>\n<ul>\n<li style=\"font-weight: 400;\" aria-level=\"1\"><span style=\"font-weight: 400;\">Formul\u00e1rio de Recolha de Informa\u00e7\u00e3o,<\/span><\/li>\n<li style=\"font-weight: 400;\" aria-level=\"1\"><span style=\"font-weight: 400;\">Cookies;<\/span><\/li>\n<\/ul>\n<h3><b>2 \u00b7 Identidade e contactos do respons\u00e1vel pelo tratamento dos dados  <\/b><\/h3>\n<p><span style=\"font-weight: 400;\">O Controlador de Dados:<br \/><\/span><span style=\"font-weight: 400;\">Sr. Presidente<br \/><\/span><span style=\"font-weight: 400;\">Presidente da C\u00e2mara de Com\u00e9rcio e do Artesanato da regi\u00e3o de Auvergne-Rh\u00f4ne-Alpes<br \/><\/span><span style=\"font-weight: 400;\">Rue Paul Montrochet <br \/>10<\/span><span style=\"font-weight: 400;\">69002 Lyon<\/span><\/p>\n<h3><b>3 \u00b7 Dados de contacto do encarregado da prote\u00e7\u00e3o de dados  <\/b><\/h3>\n<p><span style=\"font-weight: 400;\">A C\u00e2mara de Com\u00e9rcio e Artesanato da Regi\u00e3o Auvergne-Rh\u00f4ne-Alpes nomeou um Encarregado de Prote\u00e7\u00e3o de Dados, cuja miss\u00e3o \u00e9 garantir a conformidade do tratamento de dados e assegurar o exerc\u00edcio dos seus direitos, que pode ser contactado:  <\/span><\/p>\n<ul>\n<li style=\"font-weight: 400;\" aria-level=\"1\"><span style=\"font-weight: 400;\">Por e-mail para o seguinte endere\u00e7o: dpo@cma-auvergnerhonealpes.fr  <\/span><\/li>\n<li style=\"font-weight: 400;\" aria-level=\"1\"><span style=\"font-weight: 400;\">Por correio para: Respons\u00e1vel pela prote\u00e7\u00e3o de dados \u2013 C\u00e2mara de Com\u00e9rcio e Artesanato da regi\u00e3o de Auvergne-Rh\u00f4ne-Alpes &#8211; 10 rue Paul Montrochet, 69002 Lyon.<\/span><\/li>\n<\/ul>\n<h3><b>4 \u00b7 Finalidade do tratamento efetuado  <\/b><\/h3>\n<p><span style=\"font-weight: 400;\">O tratamento de dados pessoais efetuado no \u00e2mbito do vabiola.org website tem as seguintes finalidades:  <\/span><\/p>\n<ul>\n<li style=\"font-weight: 400;\" aria-level=\"1\"><span style=\"font-weight: 400;\">Gest\u00e3o e administra\u00e7\u00e3o de plataformas<\/span><\/li>\n<li style=\"font-weight: 400;\" aria-level=\"1\"><span style=\"font-weight: 400;\">Distribui\u00e7\u00e3o de boletins informativos<\/span><\/li>\n<li style=\"font-weight: 400;\" aria-level=\"1\"><span style=\"font-weight: 400;\">Transmitir Feeds de Not\u00edcias  <\/span><\/li>\n<li style=\"font-weight: 400;\" aria-level=\"1\"><span style=\"font-weight: 400;\">Entrega de mensagens internas<\/span><\/li>\n<li style=\"font-weight: 400;\" aria-level=\"1\"><span style=\"font-weight: 400;\">Produ\u00e7\u00e3o de estat\u00edsticas de audi\u00eancia e utiliza\u00e7\u00e3o do site<\/span><\/li>\n<\/ul>\n<p><span style=\"font-weight: 400;\">Esta lista n\u00e3o \u00e9 exaustiva.  <\/span><\/p>\n<p><span style=\"font-weight: 400;\">O tratamento de dados pessoais implementado para a consecu\u00e7\u00e3o destas finalidades baseia-se no interesse que perseguimos, nomeadamente o fornecimento interno de informa\u00e7\u00f5es relativas \u00e0 atividade e funcionamento da CMA Auvergne-Rh\u00f4ne-Alpes.  <\/span><\/p>\n<p><span style=\"font-weight: 400;\">A informa\u00e7\u00e3o comunicada pelo utilizador atrav\u00e9s dos formul\u00e1rios dispon\u00edveis no website destina-se exclusivamente \u00e0 gest\u00e3o de conte\u00fados com vista \u00e0 sua publica\u00e7\u00e3o no website vabiola.org. O car\u00e1cter obrigat\u00f3rio da comunica\u00e7\u00e3o de informa\u00e7\u00f5es \u00e9 indicado pela presen\u00e7a de um asterisco. O n\u00e3o fornecimento desses dados resultar\u00e1 na impossibilidade de o editor processar sua solicita\u00e7\u00e3o ou de voc\u00ea poder usar a ferramenta.<\/span><\/p>\n<p><span style=\"font-weight: 400;\">Al\u00e9m disso, o objetivo dos cookies presentes no site \u00e9 permitir o bom funcionamento e melhoria do site, bem como detetar anomalias e medir a audi\u00eancia do site.  <\/span><\/p>\n<p><span style=\"font-weight: 400;\">Informamos que o vabiola.org site est\u00e1 sujeito a altera\u00e7\u00f5es ao longo do tempo. Se novas funcionalidades envolverem o tratamento de dados pessoais que n\u00e3o sejam compat\u00edveis com as finalidades acima referidas, esta pol\u00edtica de privacidade ser-lhe-\u00e1 atualizada e notificada.<\/span><\/p>\n<p><span style=\"font-weight: 400;\">Os dados pessoais recolhidos neste site s\u00e3o: apelido, nome pr\u00f3prio, atividade profissional, localidade.<\/span><\/p>\n<h3><b>5 \u00b7 Cookies e Rastreio de Atividade  <\/b><\/h3>\n<p><span style=\"font-weight: 400;\">Cookies s\u00e3o arquivos de texto que s\u00e3o armazenados em seu dispositivo de login e usados para armazenar dados pessoais e t\u00e9cnicos relacionados \u00e0 navega\u00e7\u00e3o no site. Os cookies podem ser tempor\u00e1rios ou permanentes.<\/span><\/p>\n<p><span style=\"font-weight: 400;\">O website utiliza cookies ou outras tecnologias ou tecnologias semelhantes que podem recolher ou armazenar os seus dados pessoais. Os cookies s\u00e3o utilizados para:<\/span><\/p>\n<ul>\n<li style=\"font-weight: 400;\" aria-level=\"1\"><span style=\"font-weight: 400;\">Melhorar a experi\u00eancia do utilizador, em particular atrav\u00e9s do reconhecimento do seu terminal de liga\u00e7\u00e3o<\/span><\/li>\n<li style=\"font-weight: 400;\" aria-level=\"1\"><span style=\"font-weight: 400;\">Analisar o tr\u00e1fego e os dados no vabiola.org site, de forma a:  <\/span>\n<ul>\n<li style=\"font-weight: 400;\" aria-level=\"2\"><span style=\"font-weight: 400;\">Medir a audi\u00eancia do site, a fim de melhorar a experi\u00eancia do usu\u00e1rio,<\/span><\/li>\n<li style=\"font-weight: 400;\" aria-level=\"2\"><span style=\"font-weight: 400;\">Compreender como utiliza este site para melhorar a funcionalidade e o desempenho.<\/span><\/li>\n<\/ul>\n<\/li>\n<\/ul>\n<p><span style=\"font-weight: 400;\">A atividade \u00e9 acompanhada pelo Departamento de Marca e Comunica\u00e7\u00e3o da CMA Auvergne-Rh\u00f4ne-Alpes.<\/span><\/p>\n<p><span style=\"font-weight: 400;\">A utiliza\u00e7\u00e3o de cookies est\u00e1 limitada a necessidades estritamente t\u00e9cnicas; Pode configurar o seu browser a qualquer momento para controlar sempre os cookies.<\/span><\/p>\n<h3><b>6 \u00b7 Destinat\u00e1rios dos dados<\/b><\/h3>\n<p><span style=\"font-weight: 400;\">Os seus dados pessoais podem ser comunicados a:<\/span><\/p>\n<ul>\n<li style=\"font-weight: 400;\" aria-level=\"1\"><span style=\"font-weight: 400;\">A CMA Auvergne-Rh\u00f4ne-Alpes para a gest\u00e3o e manuten\u00e7\u00e3o do site<\/span><\/li>\n<li style=\"font-weight: 400;\" aria-level=\"1\"><span style=\"font-weight: 400;\">Os subcontratados da CMA Auvergne-Rh\u00f4ne-Alpes est\u00e3o envolvidos na hospedagem, gerenciamento e manuten\u00e7\u00e3o do site<\/span><\/li>\n<\/ul>\n<h3><b>7 \u00b7 Dura\u00e7\u00e3o da conserva\u00e7\u00e3o dos dados<\/b><\/h3>\n<p><span style=\"font-weight: 400;\">Os dados pessoais dos utilizadores da Internet s\u00e3o conservados e tratados pelo tempo necess\u00e1rio \u00e0 prossecu\u00e7\u00e3o da finalidade prosseguida e pelo per\u00edodo m\u00e1ximo de tempo mencionado nesta pol\u00edtica de prote\u00e7\u00e3o de dados:<\/span><\/p>\n<ul>\n<li style=\"font-weight: 400;\" aria-level=\"1\"><span style=\"font-weight: 400;\">12 meses a partir do momento em que os cookies s\u00e3o depositados no equipamento do utilizador;<\/span><\/li>\n<li style=\"font-weight: 400;\" aria-level=\"1\"><span style=\"font-weight: 400;\">6 meses para os dados dos formul\u00e1rios de contacto;<\/span><\/li>\n<\/ul>\n<p>Disponibiliza\u00e7\u00e3o do <span style=\"font-weight: 400;\">s\u00edtio Web: o per\u00edodo de tempo em que faz parte da for\u00e7a de trabalho<\/span><span style=\"font-weight: 400;\">. <\/span> <\/p>\n<h3><b>8 \u00b7 Os seus direitos<\/b><\/h3>\n<p><span style=\"font-weight: 400;\">Tem o direito de aceder, retificar, apagar, portabilidade dos dados pessoais, opor-se e limitar o tratamento, conforme previsto no RGPD que entrou em vigor em 25 de maio de 2018.<\/span><\/p>\n<p><span style=\"font-weight: 400;\">Os direitos referidos no presente n\u00famero podem ser exercidos contactando o RPD da CMA Auvergne-Rh\u00f4ne-Alpes dpo@cma-auvergnerhonealpes.fr, mediante pedido escrito acompanhado de uma fotoc\u00f3pia do documento de identidade v\u00e1lido (frente e verso, a preto e branco).<\/span><\/p>\n<p><span style=\"font-weight: 400;\">Se o tratamento se basear no consentimento do titular dos dados, esse consentimento pode ser retirado a qualquer momento. A retirada do consentimento n\u00e3o afeta a licitude do tratamento efetuado com base no consentimento efetuado antes dessa retirada.<\/span><\/p>\n<p><span style=\"font-weight: 400;\">Finalmente, voc\u00ea tem o direito de registrar uma reclama\u00e7\u00e3o junto \u00e0 CNIL acessando seu site (https:\/\/www.cnil.fr\/fr\/plaintes) ou pelo correio para o seguinte endere\u00e7o: CNIL &#8211; 3 Place de Fontenoy &#8211; TSA 80715 &#8211; 75334 PARIS CEDEX 07.<\/span><\/p>\n\t\t\t\t\t\t\t\t<\/div>\n\t\t\t\t<\/div>\n\t\t\t\t<div class=\"elementor-element elementor-element-a50e0f9 elementor-widget elementor-widget-button\" data-id=\"a50e0f9\" data-element_type=\"widget\" data-widget_type=\"button.default\">\n\t\t\t\t<div class=\"elementor-widget-container\">\n\t\t\t\t\t\t\t\t\t<div class=\"elementor-button-wrapper\">\n\t\t\t\t\t<a class=\"elementor-button elementor-button-link elementor-size-sm\" href=\"https:\/\/vabiola.org\/pt-pt\/\">\n\t\t\t\t\t\t<span class=\"elementor-button-content-wrapper\">\n\t\t\t\t\t\t<span class=\"elementor-button-icon\">\n\t\t\t\t<svg aria-hidden=\"true\" class=\"e-font-icon-svg e-fas-arrow-left\" viewBox=\"0 0 448 512\" xmlns=\"http:\/\/www.w3.org\/2000\/svg\"><path d=\"M257.5 445.1l-22.2 22.2c-9.4 9.4-24.6 9.4-33.9 0L7 273c-9.4-9.4-9.4-24.6 0-33.9L201.4 44.7c9.4-9.4 24.6-9.4 33.9 0l22.2 22.2c9.5 9.5 9.3 25-.4 34.3L136.6 216H424c13.3 0 24 10.7 24 24v32c0 13.3-10.7 24-24 24H136.6l120.5 114.8c9.8 9.3 10 24.8.4 34.3z\"><\/path><\/svg>\t\t\t<\/span>\n\t\t\t\t\t\t\t\t\t<span class=\"elementor-button-text\">Voltar \u00e0 p\u00e1gina inicial<\/span>\n\t\t\t\t\t<\/span>\n\t\t\t\t\t<\/a>\n\t\t\t\t<\/div>\n\t\t\t\t\t\t\t\t<\/div>\n\t\t\t\t<\/div>\n\t\t\t\t\t<\/div>\n\t\t<\/div>\n\t\t\t\t\t<\/div>\n\t\t<\/section>\n\t\t\t\t<\/div>\n\t\t","protected":false},"excerpt":{"rendered":"<p>Este vabiola.org site \u00e9 para uso exclusivo dos funcion\u00e1rios e funcion\u00e1rios eleitos da CMA Auvergne-Rh\u00f4ne-Alpes no \u00e2mbito do seu contrato de trabalho assinado com a CMA Auvergne-Rh\u00f4ne-Alpes. Como parte do site vabiola.org, a CMA Auvergne-Rh\u00f4ne-Alpes \u00e9 obrigada a processar dados pessoais de agentes e funcion\u00e1rios eleitos da rede de c\u00e2maras de com\u00e9rcio e artesanato. 1 [&hellip;]<\/p>\n","protected":false},"author":1,"featured_media":0,"parent":0,"menu_order":0,"comment_status":"closed","ping_status":"closed","template":"","meta":{"site-sidebar-layout":"no-sidebar","site-content-layout":"page-builder","ast-site-content-layout":"","site-content-style":"default","site-sidebar-style":"default","ast-global-header-display":"","ast-banner-title-visibility":"","ast-main-header-display":"","ast-hfb-above-header-display":"","ast-hfb-below-header-display":"","ast-hfb-mobile-header-display":"","site-post-title":"disabled","ast-breadcrumbs-content":"","ast-featured-img":"disabled","footer-sml-layout":"","theme-transparent-header-meta":"default","adv-header-id-meta":"","stick-header-meta":"","header-above-stick-meta":"","header-main-stick-meta":"","header-below-stick-meta":"","astra-migrate-meta-layouts":"default","ast-page-background-enabled":"default","ast-page-background-meta":{"desktop":{"background-color":"","background-image":"","background-repeat":"repeat","background-position":"center center","background-size":"auto","background-attachment":"scroll","background-type":"","background-media":"","overlay-type":"","overlay-color":"","overlay-opacity":"","overlay-gradient":""},"tablet":{"background-color":"","background-image":"","background-repeat":"repeat","background-position":"center center","background-size":"auto","background-attachment":"scroll","background-type":"","background-media":"","overlay-type":"","overlay-color":"","overlay-opacity":"","overlay-gradient":""},"mobile":{"background-color":"","background-image":"","background-repeat":"repeat","background-position":"center center","background-size":"auto","background-attachment":"scroll","background-type":"","background-media":"","overlay-type":"","overlay-color":"","overlay-opacity":"","overlay-gradient":""}},"ast-content-background-meta":{"desktop":{"background-color":"var(--ast-global-color-5)","background-image":"","background-repeat":"repeat","background-position":"center center","background-size":"auto","background-attachment":"scroll","background-type":"","background-media":"","overlay-type":"","overlay-color":"","overlay-opacity":"","overlay-gradient":""},"tablet":{"background-color":"var(--ast-global-color-5)","background-image":"","background-repeat":"repeat","background-position":"center center","background-size":"auto","background-attachment":"scroll","background-type":"","background-media":"","overlay-type":"","overlay-color":"","overlay-opacity":"","overlay-gradient":""},"mobile":{"background-color":"var(--ast-global-color-5)","background-image":"","background-repeat":"repeat","background-position":"center center","background-size":"auto","background-attachment":"scroll","background-type":"","background-media":"","overlay-type":"","overlay-color":"","overlay-opacity":"","overlay-gradient":""}},"footnotes":""},"class_list":["post-9779","page","type-page","status-publish","hentry"],"_links":{"self":[{"href":"https:\/\/vabiola.org\/pt-pt\/wp-json\/wp\/v2\/pages\/9779","targetHints":{"allow":["GET"]}}],"collection":[{"href":"https:\/\/vabiola.org\/pt-pt\/wp-json\/wp\/v2\/pages"}],"about":[{"href":"https:\/\/vabiola.org\/pt-pt\/wp-json\/wp\/v2\/types\/page"}],"author":[{"embeddable":true,"href":"https:\/\/vabiola.org\/pt-pt\/wp-json\/wp\/v2\/users\/1"}],"replies":[{"embeddable":true,"href":"https:\/\/vabiola.org\/pt-pt\/wp-json\/wp\/v2\/comments?post=9779"}],"version-history":[{"count":0,"href":"https:\/\/vabiola.org\/pt-pt\/wp-json\/wp\/v2\/pages\/9779\/revisions"}],"wp:attachment":[{"href":"https:\/\/vabiola.org\/pt-pt\/wp-json\/wp\/v2\/media?parent=9779"}],"curies":[{"name":"wp","href":"https:\/\/api.w.org\/{rel}","templated":true}]}}