{"id":6627,"date":"2021-09-23T16:23:40","date_gmt":"2021-09-23T14:23:40","guid":{"rendered":"https:\/\/vabiola.org\/privacybeleid\/"},"modified":"2024-05-22T17:25:23","modified_gmt":"2024-05-22T15:25:23","slug":"privacybeleid","status":"publish","type":"page","link":"https:\/\/vabiola.org\/nl\/privacybeleid\/","title":{"rendered":"Privacybeleid"},"content":{"rendered":"\t\t<div data-elementor-type=\"wp-page\" data-elementor-id=\"6627\" class=\"elementor elementor-6627 elementor-2398\" data-elementor-post-type=\"page\">\n\t\t\t\t\t\t<section class=\"has_eae_slider elementor-section elementor-top-section elementor-element elementor-element-6f0da772 elementor-section-boxed elementor-section-height-default elementor-section-height-default\" data-eae-slider=\"90898\" data-id=\"6f0da772\" data-element_type=\"section\">\n\t\t\t\t\t\t<div class=\"elementor-container elementor-column-gap-default\">\n\t\t\t\t\t<div class=\"has_eae_slider elementor-column elementor-col-100 elementor-top-column elementor-element elementor-element-27f9732f\" data-eae-slider=\"28102\" data-id=\"27f9732f\" data-element_type=\"column\">\n\t\t\t<div class=\"elementor-widget-wrap elementor-element-populated\">\n\t\t\t\t\t\t\t<\/div>\n\t\t<\/div>\n\t\t\t\t\t<\/div>\n\t\t<\/section>\n\t\t\t\t<section class=\"has_eae_slider elementor-section elementor-top-section elementor-element elementor-element-6e8a550 elementor-section-boxed elementor-section-height-default elementor-section-height-default\" data-eae-slider=\"82599\" data-id=\"6e8a550\" data-element_type=\"section\">\n\t\t\t\t\t\t<div class=\"elementor-container elementor-column-gap-default\">\n\t\t\t\t\t<div class=\"has_eae_slider elementor-column elementor-col-100 elementor-top-column elementor-element elementor-element-62d8300\" data-eae-slider=\"4359\" data-id=\"62d8300\" data-element_type=\"column\">\n\t\t\t<div class=\"elementor-widget-wrap elementor-element-populated\">\n\t\t\t\t\t\t<div class=\"elementor-element elementor-element-9f41a76 elementor-widget elementor-widget-text-editor\" data-id=\"9f41a76\" data-element_type=\"widget\" data-widget_type=\"text-editor.default\">\n\t\t\t\t<div class=\"elementor-widget-container\">\n\t\t\t\t\t\t\t\t\t<p><span style=\"font-weight: 400;\">Deze website vabiola.org is uitsluitend bestemd voor gebruik door de werknemers en gekozen vertegenwoordigers van de CMA Auvergne-Rh\u00f4ne-Alpes in het kader van hun arbeidsovereenkomst met de CMA Auvergne-Rh\u00f4ne-Alpes.<\/span><\/p>\n<p><span style=\"font-weight: 400;\">In het kader van de website vabiola.org is de CMA Auvergne-Rh\u00f4ne-Alpes verplicht de persoonsgegevens van de gemachtigden en verkozenen van het netwerk van kamers van koophandel en ambachten te verwerken.<\/span><\/p>\n<p><span style=\"font-weight: 400;\"> <\/span><\/p>\n<h3><b>1 &#8211; Toepassingsgebied<\/b><\/h3>\n<p><span style=\"font-weight: 400;\">Het privacybeleid heeft betrekking op elke persoon verbonden aan de Chambre de M\u00e9tiers et de l&#8217;Artisanat de R\u00e9gion Auvergne-Rh\u00f4ne-Alpes die toegang heeft tot de site (platform) in zijn hoedanigheid van agent of verkozen vertegenwoordiger van het netwerk van kamers van koophandel en ambachten.<\/span><\/p>\n<p><span style=\"font-weight: 400;\">De gebruikers van deze site kunnen aan de site-editor persoonsgegevens over hen meedelen door gebruik te maken van de verschillende verzamelmedia, -instrumenten en -diensten die hun op de site ter beschikking worden gesteld:<\/span><\/p>\n<ul>\n<li style=\"font-weight: 400;\" aria-level=\"1\"><span style=\"font-weight: 400;\">Informatieverzamelingsformulier,<\/span><\/li>\n<li style=\"font-weight: 400;\" aria-level=\"1\"><span style=\"font-weight: 400;\">Cookies;<\/span><\/li>\n<\/ul>\n<h3><b>2 &#8211; Identiteit en contactgegevens van de voor de verwerking verantwoordelijke  <\/b><\/h3>\n<p><span style=\"font-weight: 400;\">De persoon die belast is met de verwerking :<br \/><\/span><span style=\"font-weight: 400;\">Mr. President<br \/><\/span><span style=\"font-weight: 400;\">Voorzitter van de Kamer van Ambachten van de regio Auvergne-Rh\u00f4ne-Alpes<br \/><\/span><span style=\"font-weight: 400;\">10 rue Paul Montrochet <br \/><\/span><span style=\"font-weight: 400;\">69002 Lyon<\/span><\/p>\n<h3><b>3 &#8211; Contactgegevens van de functionaris voor gegevensbescherming  <\/b><\/h3>\n<p><span style=\"font-weight: 400;\">De Chambre de M\u00e9tiers et de l&#8217;Artisanat van de R\u00e9gion Auvergne-Rh\u00f4ne-Alpes heeft een functionaris voor gegevensbescherming aangesteld, die tot taak heeft de naleving van de gegevensverwerking te waarborgen en toe te zien op de uitoefening van uw rechten; deze functionaris kan worden gecontacteerd op  <\/span><\/p>\n<ul>\n<li style=\"font-weight: 400;\" aria-level=\"1\"><span style=\"font-weight: 400;\">Per e-mail aan het volgende adres: dpo@cma-auvergnerhonealpes.fr  <\/span><\/li>\n<li style=\"font-weight: 400;\" aria-level=\"1\"><span style=\"font-weight: 400;\">Per post naar : D\u00e9l\u00e9gu\u00e9 \u00e0 la protection des donn\u00e9es &#8211; Chambre de M\u00e9tiers et de l&#8217;Artisanat de R\u00e9gion Auvergne-Rh\u00f4ne-Alpes &#8211; 10 rue Paul Montrochet, 69002 Lyon.<\/span><\/li>\n<\/ul>\n<h3><b>4 &#8211; Doel van de verwerking  <\/b><\/h3>\n<p><span style=\"font-weight: 400;\">De verwerking van persoonsgegevens in het kader van de website vabiola.org wordt uitgevoerd voor de volgende doeleinden  <\/span><\/p>\n<ul>\n<li style=\"font-weight: 400;\" aria-level=\"1\"><span style=\"font-weight: 400;\">beheer en administratie van het platform<\/span><\/li>\n<li style=\"font-weight: 400;\" aria-level=\"1\"><span style=\"font-weight: 400;\">verspreiding van nieuwsbrieven<\/span><\/li>\n<li style=\"font-weight: 400;\" aria-level=\"1\"><span style=\"font-weight: 400;\">verspreiding van nieuwsfeeds  <\/span><\/li>\n<li style=\"font-weight: 400;\" aria-level=\"1\"><span style=\"font-weight: 400;\">verspreiding van interne berichten<\/span><\/li>\n<li style=\"font-weight: 400;\" aria-level=\"1\"><span style=\"font-weight: 400;\">productie van statistieken over het publiek en het gebruik van de site<\/span><\/li>\n<\/ul>\n<p><span style=\"font-weight: 400;\">Deze lijst is niet uitputtend.  <\/span><\/p>\n<p><span style=\"font-weight: 400;\">De verwerking van persoonsgegevens voor deze doeleinden is gebaseerd op het belang dat wij nastreven, namelijk het intern verstrekken van informatie met betrekking tot de activiteit en de werking van de CMA Auvergne-Rh\u00f4ne-Alpes.  <\/span><\/p>\n<p><span style=\"font-weight: 400;\">De informatie die door de gebruiker via de op de site beschikbare formulieren wordt meegedeeld, is uitsluitend bestemd voor inhoudelijk beheer met het oog op publicatie op de site vabiola.org. Het verplichte karakter van de informatie wordt aangegeven met een asterisk. Als u deze gegevens niet verstrekt, kan de uitgever uw verzoek niet verwerken en kunt u het hulpmiddel niet gebruiken.<\/span><\/p>\n<p><span style=\"font-weight: 400;\">Bovendien zijn de op de site aanwezige cookies bedoeld om de goede werking en de verbetering van de site mogelijk te maken, alsook om anomalie\u00ebn op te sporen en het publiek van de site te meten.  <\/span><\/p>\n<p><span style=\"font-weight: 400;\">Wij informeren u dat de website vabiola.org in de loop van de tijd zal veranderen. Indien nieuwe functies de verwerking van persoonsgegevens met zich meebrengen die niet verenigbaar zijn met de bovengenoemde doeleinden, zal dit privacybeleid worden bijgewerkt en zult u daarvan in kennis worden gesteld.<\/span><\/p>\n<p><span style=\"font-weight: 400;\">De persoonsgegevens die op deze site worden verzameld, zijn: naam, voornaam, beroepsactiviteit, woonplaats.<\/span><\/p>\n<h3><b>5 &#8211; Cookies en volgen van activiteiten  <\/b><\/h3>\n<p><span style=\"font-weight: 400;\">Cookies zijn tekstbestanden die op uw terminal worden opgeslagen en worden gebruikt om persoonlijke en technische gegevens met betrekking tot de navigatie op de website te registreren. Cookies kunnen tijdelijk of permanent zijn.<\/span><\/p>\n<p><span style=\"font-weight: 400;\">De website maakt gebruik van cookies of andere technologie\u00ebn die uw persoonsgegevens kunnen verzamelen of opslaan. Cookies worden gebruikt om :<\/span><\/p>\n<ul>\n<li style=\"font-weight: 400;\" aria-level=\"1\"><span style=\"font-weight: 400;\">om de gebruikerservaring te verbeteren, met name door uw verbindingsterminal te herkennen<\/span><\/li>\n<li style=\"font-weight: 400;\" aria-level=\"1\"><span style=\"font-weight: 400;\">Analyseren van verkeer en gegevens op de vabiola.org website, met het oog op :  <\/span>\n<ul>\n<li style=\"font-weight: 400;\" aria-level=\"2\"><span style=\"font-weight: 400;\">Om het publiek van de website te meten en zo de gebruikerservaring te verbeteren,<\/span><\/li>\n<li style=\"font-weight: 400;\" aria-level=\"2\"><span style=\"font-weight: 400;\">Om te begrijpen hoe u deze site gebruikt, teneinde de functionaliteit en de prestaties te verbeteren.<\/span><\/li>\n<\/ul>\n<\/li>\n<\/ul>\n<p><span style=\"font-weight: 400;\">De activiteit wordt opgevolgd door de afdeling Merk en Communicatie van de CMA Auvergne-Rh\u00f4ne-Alpes.<\/span><\/p>\n<p><span style=\"font-weight: 400;\">Het gebruik van cookies is beperkt tot de strikte technische vereisten; u kunt uw browser op elk moment configureren om cookies systematisch te controleren.<\/span><\/p>\n<h3><b>6 &#8211; Ontvangers van de gegevens<\/b><\/h3>\n<p><span style=\"font-weight: 400;\">Uw persoonsgegevens kunnen worden meegedeeld aan :<\/span><\/p>\n<ul>\n<li style=\"font-weight: 400;\" aria-level=\"1\"><span style=\"font-weight: 400;\">De CMA Auvergne-Rh\u00f4ne-Alpes voor het beheer en onderhoud van de website<\/span><\/li>\n<li style=\"font-weight: 400;\" aria-level=\"1\"><span style=\"font-weight: 400;\">De onderaannemers van de CMA Auvergne-Rh\u00f4ne-Alpes die betrokken zijn bij de hosting, het beheer en het onderhoud van de website<\/span><\/li>\n<\/ul>\n<h3><b>7 &#8211; Duur van de bewaring van gegevens<\/b><\/h3>\n<p><span style=\"font-weight: 400;\">De persoonsgegevens van internetgebruikers worden bewaard en verwerkt gedurende de periode die nodig is om het doel te bereiken waarvoor zij zijn bestemd en gedurende de maximumperioden die in dit beleid inzake gegevensbescherming worden vermeld:<\/span><\/p>\n<ul>\n<li style=\"font-weight: 400;\" aria-level=\"1\"><span style=\"font-weight: 400;\">12 maanden vanaf het moment dat de cookies op de apparatuur van de gebruiker worden geplaatst;<\/span><\/li>\n<li style=\"font-weight: 400;\" aria-level=\"1\"><span style=\"font-weight: 400;\">6 maanden voor gegevens uit contactformulieren;<\/span><\/li>\n<\/ul>\n<p><span style=\"font-weight: 400;\">Beschikbaarheid van de website: duur van uw lidmaatschap<\/span><span style=\"font-weight: 400;\">. <\/span> <\/p>\n<h3><b>8 &#8211; Uw rechten<\/b><\/h3>\n<p><span style=\"font-weight: 400;\">U hebt het recht op toegang, rectificatie, verwijdering, overdraagbaarheid van persoonsgegevens, verzet en beperking van de verwerking, zoals bepaald in de RGPD die op 25 mei 2018 in werking is getreden.<\/span><\/p>\n<p><span style=\"font-weight: 400;\">De in dit lid bedoelde rechten kunnen worden uitgeoefend bij de DPO van de CMA Auvergne-Rh\u00f4ne-Alpes dpo@cma-auvergnerhonealpes.fr, door middel van een schriftelijk verzoek dat vergezeld gaat van een fotokopie van een geldig identiteitsbewijs (voor- en achterkant, zwart-wit).<\/span><\/p>\n<p><span style=\"font-weight: 400;\">Indien de verwerking is gebaseerd op de toestemming van de betrokkene, kan deze toestemming te allen tijde worden ingetrokken. Intrekking van de toestemming laat de rechtmatigheid van de verwerking op grond van de toestemming die v\u00f3\u00f3r de intrekking van de toestemming heeft plaatsgevonden, onverlet.<\/span><\/p>\n<p><span style=\"font-weight: 400;\">Ten slotte hebt u het recht om een klacht in te dienen bij de CNIL door een bezoek te brengen aan haar website (https:\/\/www.cnil.fr\/fr\/plaintes) of door een brief te sturen naar het volgende adres CNIL &#8211; 3 Place de Fontenoy &#8211; TSA 80715 &#8211; 75334 PARIS CEDEX 07.<\/span><\/p>\n\t\t\t\t\t\t\t\t<\/div>\n\t\t\t\t<\/div>\n\t\t\t\t<div class=\"elementor-element elementor-element-a50e0f9 elementor-widget elementor-widget-button\" data-id=\"a50e0f9\" data-element_type=\"widget\" data-widget_type=\"button.default\">\n\t\t\t\t<div class=\"elementor-widget-container\">\n\t\t\t\t\t\t\t\t\t<div class=\"elementor-button-wrapper\">\n\t\t\t\t\t<a class=\"elementor-button elementor-button-link elementor-size-sm\" href=\"https:\/\/vabiola.org\/nl\/\">\n\t\t\t\t\t\t<span class=\"elementor-button-content-wrapper\">\n\t\t\t\t\t\t<span class=\"elementor-button-icon\">\n\t\t\t\t<svg aria-hidden=\"true\" class=\"e-font-icon-svg e-fas-arrow-left\" viewBox=\"0 0 448 512\" xmlns=\"http:\/\/www.w3.org\/2000\/svg\"><path d=\"M257.5 445.1l-22.2 22.2c-9.4 9.4-24.6 9.4-33.9 0L7 273c-9.4-9.4-9.4-24.6 0-33.9L201.4 44.7c9.4-9.4 24.6-9.4 33.9 0l22.2 22.2c9.5 9.5 9.3 25-.4 34.3L136.6 216H424c13.3 0 24 10.7 24 24v32c0 13.3-10.7 24-24 24H136.6l120.5 114.8c9.8 9.3 10 24.8.4 34.3z\"><\/path><\/svg>\t\t\t<\/span>\n\t\t\t\t\t\t\t\t\t<span class=\"elementor-button-text\">Terug naar de startpagina<\/span>\n\t\t\t\t\t<\/span>\n\t\t\t\t\t<\/a>\n\t\t\t\t<\/div>\n\t\t\t\t\t\t\t\t<\/div>\n\t\t\t\t<\/div>\n\t\t\t\t\t<\/div>\n\t\t<\/div>\n\t\t\t\t\t<\/div>\n\t\t<\/section>\n\t\t\t\t<\/div>\n\t\t","protected":false},"excerpt":{"rendered":"<p>Deze website vabiola.org is uitsluitend bestemd voor gebruik door de werknemers en gekozen vertegenwoordigers van de CMA Auvergne-Rh\u00f4ne-Alpes in het kader van hun arbeidsovereenkomst met de CMA Auvergne-Rh\u00f4ne-Alpes. In het kader van de website vabiola.org is de CMA Auvergne-Rh\u00f4ne-Alpes verplicht de persoonsgegevens van de gemachtigden en verkozenen van het netwerk van kamers van koophandel en [&hellip;]<\/p>\n","protected":false},"author":1,"featured_media":0,"parent":0,"menu_order":0,"comment_status":"closed","ping_status":"closed","template":"","meta":{"site-sidebar-layout":"no-sidebar","site-content-layout":"page-builder","ast-site-content-layout":"","site-content-style":"default","site-sidebar-style":"default","ast-global-header-display":"","ast-banner-title-visibility":"","ast-main-header-display":"","ast-hfb-above-header-display":"","ast-hfb-below-header-display":"","ast-hfb-mobile-header-display":"","site-post-title":"disabled","ast-breadcrumbs-content":"","ast-featured-img":"disabled","footer-sml-layout":"","theme-transparent-header-meta":"default","adv-header-id-meta":"","stick-header-meta":"","header-above-stick-meta":"","header-main-stick-meta":"","header-below-stick-meta":"","astra-migrate-meta-layouts":"default","ast-page-background-enabled":"default","ast-page-background-meta":{"desktop":{"background-color":"","background-image":"","background-repeat":"repeat","background-position":"center center","background-size":"auto","background-attachment":"scroll","background-type":"","background-media":"","overlay-type":"","overlay-color":"","overlay-opacity":"","overlay-gradient":""},"tablet":{"background-color":"","background-image":"","background-repeat":"repeat","background-position":"center center","background-size":"auto","background-attachment":"scroll","background-type":"","background-media":"","overlay-type":"","overlay-color":"","overlay-opacity":"","overlay-gradient":""},"mobile":{"background-color":"","background-image":"","background-repeat":"repeat","background-position":"center center","background-size":"auto","background-attachment":"scroll","background-type":"","background-media":"","overlay-type":"","overlay-color":"","overlay-opacity":"","overlay-gradient":""}},"ast-content-background-meta":{"desktop":{"background-color":"var(--ast-global-color-5)","background-image":"","background-repeat":"repeat","background-position":"center center","background-size":"auto","background-attachment":"scroll","background-type":"","background-media":"","overlay-type":"","overlay-color":"","overlay-opacity":"","overlay-gradient":""},"tablet":{"background-color":"var(--ast-global-color-5)","background-image":"","background-repeat":"repeat","background-position":"center center","background-size":"auto","background-attachment":"scroll","background-type":"","background-media":"","overlay-type":"","overlay-color":"","overlay-opacity":"","overlay-gradient":""},"mobile":{"background-color":"var(--ast-global-color-5)","background-image":"","background-repeat":"repeat","background-position":"center center","background-size":"auto","background-attachment":"scroll","background-type":"","background-media":"","overlay-type":"","overlay-color":"","overlay-opacity":"","overlay-gradient":""}},"footnotes":""},"class_list":["post-6627","page","type-page","status-publish","hentry"],"_links":{"self":[{"href":"https:\/\/vabiola.org\/nl\/wp-json\/wp\/v2\/pages\/6627","targetHints":{"allow":["GET"]}}],"collection":[{"href":"https:\/\/vabiola.org\/nl\/wp-json\/wp\/v2\/pages"}],"about":[{"href":"https:\/\/vabiola.org\/nl\/wp-json\/wp\/v2\/types\/page"}],"author":[{"embeddable":true,"href":"https:\/\/vabiola.org\/nl\/wp-json\/wp\/v2\/users\/1"}],"replies":[{"embeddable":true,"href":"https:\/\/vabiola.org\/nl\/wp-json\/wp\/v2\/comments?post=6627"}],"version-history":[{"count":0,"href":"https:\/\/vabiola.org\/nl\/wp-json\/wp\/v2\/pages\/6627\/revisions"}],"wp:attachment":[{"href":"https:\/\/vabiola.org\/nl\/wp-json\/wp\/v2\/media?parent=6627"}],"curies":[{"name":"wp","href":"https:\/\/api.w.org\/{rel}","templated":true}]}}