{"id":9679,"date":"2021-09-23T16:23:40","date_gmt":"2021-09-23T14:23:40","guid":{"rendered":"https:\/\/vabiola.org\/informativa-sulla-privacy\/"},"modified":"2023-11-10T13:08:09","modified_gmt":"2023-11-10T12:08:09","slug":"informativa-sulla-privacy","status":"publish","type":"page","link":"https:\/\/vabiola.org\/it\/informativa-sulla-privacy\/","title":{"rendered":"Informativa sulla privacy"},"content":{"rendered":"\t\t<div data-elementor-type=\"wp-page\" data-elementor-id=\"9679\" class=\"elementor elementor-9679 elementor-2398\" data-elementor-post-type=\"page\">\n\t\t\t\t\t\t<section class=\"has_eae_slider elementor-section elementor-top-section elementor-element elementor-element-6f0da772 elementor-section-boxed elementor-section-height-default elementor-section-height-default\" data-eae-slider=\"45022\" data-id=\"6f0da772\" data-element_type=\"section\">\n\t\t\t\t\t\t<div class=\"elementor-container elementor-column-gap-default\">\n\t\t\t\t\t<div class=\"has_eae_slider elementor-column elementor-col-100 elementor-top-column elementor-element elementor-element-27f9732f\" data-eae-slider=\"82352\" data-id=\"27f9732f\" data-element_type=\"column\">\n\t\t\t<div class=\"elementor-widget-wrap elementor-element-populated\">\n\t\t\t\t\t\t\t<\/div>\n\t\t<\/div>\n\t\t\t\t\t<\/div>\n\t\t<\/section>\n\t\t\t\t<section class=\"has_eae_slider elementor-section elementor-top-section elementor-element elementor-element-6e8a550 elementor-section-boxed elementor-section-height-default elementor-section-height-default\" data-eae-slider=\"26456\" data-id=\"6e8a550\" data-element_type=\"section\">\n\t\t\t\t\t\t<div class=\"elementor-container elementor-column-gap-default\">\n\t\t\t\t\t<div class=\"has_eae_slider elementor-column elementor-col-100 elementor-top-column elementor-element elementor-element-62d8300\" data-eae-slider=\"67354\" data-id=\"62d8300\" data-element_type=\"column\">\n\t\t\t<div class=\"elementor-widget-wrap elementor-element-populated\">\n\t\t\t\t\t\t<div class=\"elementor-element elementor-element-9f41a76 elementor-widget elementor-widget-text-editor\" data-id=\"9f41a76\" data-element_type=\"widget\" data-widget_type=\"text-editor.default\">\n\t\t\t\t<div class=\"elementor-widget-container\">\n\t\t\t\t\t\t\t\t\t<p><span style=\"font-weight: 400;\">Questo sito web vabiola.org \u00e8 ad uso esclusivo dei dipendenti e dei funzionari eletti della CMA Auvergne-Rh\u00f4ne-Alpes nell&#8217;ambito del loro contratto di lavoro firmato con la CMA Auvergne-Rh\u00f4ne-Alpes.<\/span><\/p>\n<p><span style=\"font-weight: 400;\">Nell&#8217;ambito del sito web vabiola.org, CMA Auvergne-Rh\u00f4ne-Alpes \u00e8 tenuta a trattare i dati personali degli agenti e dei funzionari eletti della rete delle camere di commercio e artigianato.<\/span><\/p>\n<p><span style=\"font-weight: 400;\"> <\/span><\/p>\n<h3><b>1 \u00b7 Campi di applicazione<\/b><\/h3>\n<p><span style=\"font-weight: 400;\">L&#8217;Informativa sulla privacy riguarda qualsiasi persona fisica in relazione alla Camera dei mestieri della regione Auvergne-Rh\u00f4ne-Alpes che abbia accesso al sito (piattaforma) in qualit\u00e0 di agenti o funzionari eletti della rete delle Camere dell&#8217;Artigianato.<\/span><\/p>\n<p><span style=\"font-weight: 400;\">\u00c8 probabile che gli utenti di questo sito comunichino i dati personali che li riguardano all&#8217;editore del sito utilizzando i vari mezzi di raccolta, strumenti e servizi messi a loro disposizione sul sito:<\/span><\/p>\n<ul>\n<li style=\"font-weight: 400;\" aria-level=\"1\"><span style=\"font-weight: 400;\">Modulo di raccolta informazioni,<\/span><\/li>\n<li style=\"font-weight: 400;\" aria-level=\"1\"><span style=\"font-weight: 400;\">Biscotti;<\/span><\/li>\n<\/ul>\n<h3><b>2 \u00b7 Identit\u00e0 e dati di contatto del titolare del trattamento <\/b><\/h3>\n<p><span style=\"font-weight: 400;\">Il Titolare del trattamento:<br \/><\/span><span style=\"font-weight: 400;\">Signor Presidente<br \/><\/span><span style=\"font-weight: 400;\">Presidente della Camera dei Mestieri e dell&#8217;Artigianato della Regione Auvergne-Rh\u00f4ne-Alpes<br \/><\/span><span style=\"font-weight: 400;\">10 rue Paul Montrochet <br \/><\/span><span style=\"font-weight: 400;\">69002 Lione<\/span><\/p>\n<h3><b>3 \u00b7 Dati di contatto del responsabile della protezione dei dati <\/b><\/h3>\n<p><span style=\"font-weight: 400;\">La Camera dei Mestieri e dei Mestieri della Regione Auvergne-Rh\u00f4ne-Alpes ha nominato un Responsabile della protezione dei dati, la cui missione \u00e8 garantire la conformit\u00e0 del trattamento dei dati e assicurare l&#8217;esercizio dei tuoi diritti, che pu\u00f2 essere contattato: <\/span><\/p>\n<ul>\n<li style=\"font-weight: 400;\" aria-level=\"1\"><span style=\"font-weight: 400;\">Per e-mail al seguente indirizzo: dpo@cma-auvergnerhonealpes.fr <\/span><\/li>\n<li style=\"font-weight: 400;\" aria-level=\"1\"><span style=\"font-weight: 400;\">Per posta a: Responsabile della protezione dei dati \u2013 Camera dei mestieri della regione Auvergne-Rh\u00f4ne-Alpes &#8211; 10 rue Paul Montrochet, 69002 Lione.<\/span><\/li>\n<\/ul>\n<h3><b>4 \u00b7 Finalit\u00e0 del trattamento effettuato <\/b><\/h3>\n<p><span style=\"font-weight: 400;\">Il trattamento dei dati personali effettuato nell&#8217;ambito del sito web vabiola.org ha le seguenti finalit\u00e0: <\/span><\/p>\n<ul>\n<li style=\"font-weight: 400;\" aria-level=\"1\"><span style=\"font-weight: 400;\">Gestione e amministrazione della piattaforma<\/span><\/li>\n<li style=\"font-weight: 400;\" aria-level=\"1\"><span style=\"font-weight: 400;\">Distribuzione di newsletter<\/span><\/li>\n<li style=\"font-weight: 400;\" aria-level=\"1\"><span style=\"font-weight: 400;\">Feed di notizie broadcast <\/span><\/li>\n<li style=\"font-weight: 400;\" aria-level=\"1\"><span style=\"font-weight: 400;\">Recapito dei messaggi interni<\/span><\/li>\n<li style=\"font-weight: 400;\" aria-level=\"1\"><span style=\"font-weight: 400;\">Produzione di statistiche sull&#8217;audience e sull&#8217;utilizzo del sito<\/span><\/li>\n<\/ul>\n<p><span style=\"font-weight: 400;\">L&#8217;elenco non \u00e8 esaustivo. <\/span><\/p>\n<p><span style=\"font-weight: 400;\">Il trattamento dei dati personali attuato per il raggiungimento di tali finalit\u00e0 si basa sull&#8217;interesse che perseguiamo, vale a dire la fornitura interna di informazioni relative all&#8217;attivit\u00e0 e al funzionamento della CMA Auvergne-Rh\u00f4ne-Alpes. <\/span><\/p>\n<p><span style=\"font-weight: 400;\">Le informazioni comunicate dall&#8217;utente attraverso i form disponibili sul sito web sono destinate esclusivamente alla gestione dei contenuti in vista della pubblicazione sul sito web vabiola.org. L&#8217;obbligatoriet\u00e0 della comunicazione delle informazioni \u00e8 indicata dalla presenza di un asterisco. In caso di mancato conferimento di tali dati, l&#8217;editore non sar\u00e0 in grado di elaborare la richiesta dell&#8217;utente o di utilizzare lo strumento.<\/span><\/p>\n<p><span style=\"font-weight: 400;\">Inoltre, lo scopo dei cookie presenti sul sito \u00e8 quello di consentire il corretto funzionamento e miglioramento del sito nonch\u00e9 di rilevare anomalie e misurare l&#8217;audience del sito. <\/span><\/p>\n<p><span style=\"font-weight: 400;\">Ti informiamo che il sito vabiola.org \u00e8 soggetto a modifiche nel tempo. Qualora nuove funzionalit\u00e0 comportino il trattamento di dati personali non compatibili con le finalit\u00e0 di cui sopra, la presente informativa sulla privacy verr\u00e0 aggiornata e notificata all&#8217;utente.<\/span><\/p>\n<p><span style=\"font-weight: 400;\">I dati personali raccolti su questo sito sono: cognome, nome, attivit\u00e0 professionale, localit\u00e0.<\/span><\/p>\n<h3><b>5 \u00b7 Cookie e monitoraggio delle attivit\u00e0 <\/b><\/h3>\n<p><span style=\"font-weight: 400;\">I cookie sono file di testo che vengono memorizzati sul dispositivo di login dell&#8217;utente e utilizzati per memorizzare dati personali e tecnici relativi alla navigazione sul sito web. I cookie possono essere temporanei o permanenti.<\/span><\/p>\n<p><span style=\"font-weight: 400;\">Il sito web utilizza cookie o altre tecnologie o tecnologie simili che possono raccogliere o memorizzare i tuoi dati personali. I cookie sono utilizzati per:<\/span><\/p>\n<ul>\n<li style=\"font-weight: 400;\" aria-level=\"1\"><span style=\"font-weight: 400;\">Migliorare l&#8217;esperienza dell&#8217;utente, in particolare riconoscendo il terminale di connessione<\/span><\/li>\n<li style=\"font-weight: 400;\" aria-level=\"1\"><span style=\"font-weight: 400;\">Analizzare il traffico e i dati sul sito vabiola.org, al fine di: <\/span>\n<ul>\n<li style=\"font-weight: 400;\" aria-level=\"2\"><span style=\"font-weight: 400;\">Misurare l&#8217;audience del sito web al fine di migliorare l&#8217;esperienza dell&#8217;utente,<\/span><\/li>\n<li style=\"font-weight: 400;\" aria-level=\"2\"><span style=\"font-weight: 400;\">Comprendere come l&#8217;utente utilizza questo sito al fine di migliorarne la funzionalit\u00e0 e le prestazioni.<\/span><\/li>\n<\/ul>\n<\/li>\n<\/ul>\n<p><span style=\"font-weight: 400;\">L&#8217;attivit\u00e0 \u00e8 monitorata dal Dipartimento Brand e Comunicazione della CMA Auvergne-Rh\u00f4ne-Alpes.<\/span><\/p>\n<p><span style=\"font-weight: 400;\">L&#8217;utilizzo dei cookie \u00e8 limitato ad esigenze strettamente tecniche; Puoi configurare il tuo browser in qualsiasi momento per controllare sempre i cookie.<\/span><\/p>\n<h3><b>6 \u00b7 Destinatari dei dati<\/b><\/h3>\n<p><span style=\"font-weight: 400;\">I Suoi dati personali potranno essere comunicati a:<\/span><\/p>\n<ul>\n<li style=\"font-weight: 400;\" aria-level=\"1\"><span style=\"font-weight: 400;\">La CMA Auvergne-Rh\u00f4ne-Alpes per la gestione e la manutenzione del sito web<\/span><\/li>\n<li style=\"font-weight: 400;\" aria-level=\"1\"><span style=\"font-weight: 400;\">I subappaltatori di CMA Auvergne-Rh\u00f4ne-Alpes sono coinvolti nell&#8217;hosting, nella gestione e nella manutenzione del sito web<\/span><\/li>\n<\/ul>\n<h3><b>7 \u00b7 Durata della conservazione dei dati<\/b><\/h3>\n<p><span style=\"font-weight: 400;\">I dati personali degli utenti di Internet sono conservati e trattati per il tempo necessario a raggiungere lo scopo perseguito e per il periodo di tempo massimo indicato nella presente informativa sulla protezione dei dati:<\/span><\/p>\n<ul>\n<li style=\"font-weight: 400;\" aria-level=\"1\"><span style=\"font-weight: 400;\">12 mesi dal momento in cui i cookie vengono depositati sul dispositivo dell&#8217;utente;<\/span><\/li>\n<li style=\"font-weight: 400;\" aria-level=\"1\"><span style=\"font-weight: 400;\">6 mesi per i dati provenienti dai moduli di contatto;<\/span><\/li>\n<\/ul>\n<p>Fornitura del <span style=\"font-weight: 400;\">sito web: il periodo di tempo in cui fai parte della forza lavoro<\/span><span style=\"font-weight: 400;\">. <\/span> <\/p>\n<h3><b>8 \u00b7 I tuoi diritti<\/b><\/h3>\n<p><span style=\"font-weight: 400;\">Hai il diritto di accedere, rettificare, cancellare, portabilit\u00e0 dei dati personali, opporti e limitare il trattamento come previsto dal GDPR entrato in vigore il 25 maggio 2018.<\/span><\/p>\n<p><span style=\"font-weight: 400;\">I diritti di cui al presente paragrafo possono essere esercitati rivolgendosi al DPO della CMA Auvergne-Rh\u00f4ne-Alpes dpo@cma-auvergnerhonealpes.fr, previa richiesta scritta accompagnata da fotocopia del documento di identit\u00e0 in corso di validit\u00e0 (fronte e retro, in bianco e nero).<\/span><\/p>\n<p><span style=\"font-weight: 400;\">Qualora il trattamento sia basato sul consenso dell&#8217;interessato, tale consenso pu\u00f2 essere revocato in qualsiasi momento. La revoca del consenso non pregiudica la liceit\u00e0 del trattamento basata sul consenso effettuato prima di tale revoca.<\/span><\/p>\n<p><span style=\"font-weight: 400;\">Infine, hai il diritto di presentare un reclamo alla CNIL visitando il suo sito web (https:\/\/www.cnil.fr\/fr\/plaintes) o per posta al seguente indirizzo: CNIL &#8211; 3 Place de Fontenoy &#8211; TSA 80715 &#8211; 75334 PARIS CEDEX 07.<\/span><\/p>\n\t\t\t\t\t\t\t\t<\/div>\n\t\t\t\t<\/div>\n\t\t\t\t<div class=\"elementor-element elementor-element-a50e0f9 elementor-widget elementor-widget-button\" data-id=\"a50e0f9\" data-element_type=\"widget\" data-widget_type=\"button.default\">\n\t\t\t\t<div class=\"elementor-widget-container\">\n\t\t\t\t\t\t\t\t\t<div class=\"elementor-button-wrapper\">\n\t\t\t\t\t<a class=\"elementor-button elementor-button-link elementor-size-sm\" href=\"https:\/\/vabiola.org\/it\/\">\n\t\t\t\t\t\t<span class=\"elementor-button-content-wrapper\">\n\t\t\t\t\t\t<span class=\"elementor-button-icon\">\n\t\t\t\t<svg aria-hidden=\"true\" class=\"e-font-icon-svg e-fas-arrow-left\" viewBox=\"0 0 448 512\" xmlns=\"http:\/\/www.w3.org\/2000\/svg\"><path d=\"M257.5 445.1l-22.2 22.2c-9.4 9.4-24.6 9.4-33.9 0L7 273c-9.4-9.4-9.4-24.6 0-33.9L201.4 44.7c9.4-9.4 24.6-9.4 33.9 0l22.2 22.2c9.5 9.5 9.3 25-.4 34.3L136.6 216H424c13.3 0 24 10.7 24 24v32c0 13.3-10.7 24-24 24H136.6l120.5 114.8c9.8 9.3 10 24.8.4 34.3z\"><\/path><\/svg>\t\t\t<\/span>\n\t\t\t\t\t\t\t\t\t<span class=\"elementor-button-text\">Torna alla pagina iniziale<\/span>\n\t\t\t\t\t<\/span>\n\t\t\t\t\t<\/a>\n\t\t\t\t<\/div>\n\t\t\t\t\t\t\t\t<\/div>\n\t\t\t\t<\/div>\n\t\t\t\t\t<\/div>\n\t\t<\/div>\n\t\t\t\t\t<\/div>\n\t\t<\/section>\n\t\t\t\t<\/div>\n\t\t","protected":false},"excerpt":{"rendered":"<p>Questo sito web vabiola.org \u00e8 ad uso esclusivo dei dipendenti e dei funzionari eletti della CMA Auvergne-Rh\u00f4ne-Alpes nell&#8217;ambito del loro contratto di lavoro firmato con la CMA Auvergne-Rh\u00f4ne-Alpes. Nell&#8217;ambito del sito web vabiola.org, CMA Auvergne-Rh\u00f4ne-Alpes \u00e8 tenuta a trattare i dati personali degli agenti e dei funzionari eletti della rete delle camere di commercio e [&hellip;]<\/p>\n","protected":false},"author":1,"featured_media":0,"parent":0,"menu_order":0,"comment_status":"closed","ping_status":"closed","template":"","meta":{"site-sidebar-layout":"no-sidebar","site-content-layout":"page-builder","ast-site-content-layout":"","site-content-style":"default","site-sidebar-style":"default","ast-global-header-display":"","ast-banner-title-visibility":"","ast-main-header-display":"","ast-hfb-above-header-display":"","ast-hfb-below-header-display":"","ast-hfb-mobile-header-display":"","site-post-title":"disabled","ast-breadcrumbs-content":"","ast-featured-img":"disabled","footer-sml-layout":"","theme-transparent-header-meta":"default","adv-header-id-meta":"","stick-header-meta":"","header-above-stick-meta":"","header-main-stick-meta":"","header-below-stick-meta":"","astra-migrate-meta-layouts":"default","ast-page-background-enabled":"default","ast-page-background-meta":{"desktop":{"background-color":"","background-image":"","background-repeat":"repeat","background-position":"center center","background-size":"auto","background-attachment":"scroll","background-type":"","background-media":"","overlay-type":"","overlay-color":"","overlay-opacity":"","overlay-gradient":""},"tablet":{"background-color":"","background-image":"","background-repeat":"repeat","background-position":"center center","background-size":"auto","background-attachment":"scroll","background-type":"","background-media":"","overlay-type":"","overlay-color":"","overlay-opacity":"","overlay-gradient":""},"mobile":{"background-color":"","background-image":"","background-repeat":"repeat","background-position":"center center","background-size":"auto","background-attachment":"scroll","background-type":"","background-media":"","overlay-type":"","overlay-color":"","overlay-opacity":"","overlay-gradient":""}},"ast-content-background-meta":{"desktop":{"background-color":"var(--ast-global-color-5)","background-image":"","background-repeat":"repeat","background-position":"center center","background-size":"auto","background-attachment":"scroll","background-type":"","background-media":"","overlay-type":"","overlay-color":"","overlay-opacity":"","overlay-gradient":""},"tablet":{"background-color":"var(--ast-global-color-5)","background-image":"","background-repeat":"repeat","background-position":"center center","background-size":"auto","background-attachment":"scroll","background-type":"","background-media":"","overlay-type":"","overlay-color":"","overlay-opacity":"","overlay-gradient":""},"mobile":{"background-color":"var(--ast-global-color-5)","background-image":"","background-repeat":"repeat","background-position":"center center","background-size":"auto","background-attachment":"scroll","background-type":"","background-media":"","overlay-type":"","overlay-color":"","overlay-opacity":"","overlay-gradient":""}},"footnotes":""},"class_list":["post-9679","page","type-page","status-publish","hentry"],"_links":{"self":[{"href":"https:\/\/vabiola.org\/it\/wp-json\/wp\/v2\/pages\/9679","targetHints":{"allow":["GET"]}}],"collection":[{"href":"https:\/\/vabiola.org\/it\/wp-json\/wp\/v2\/pages"}],"about":[{"href":"https:\/\/vabiola.org\/it\/wp-json\/wp\/v2\/types\/page"}],"author":[{"embeddable":true,"href":"https:\/\/vabiola.org\/it\/wp-json\/wp\/v2\/users\/1"}],"replies":[{"embeddable":true,"href":"https:\/\/vabiola.org\/it\/wp-json\/wp\/v2\/comments?post=9679"}],"version-history":[{"count":0,"href":"https:\/\/vabiola.org\/it\/wp-json\/wp\/v2\/pages\/9679\/revisions"}],"wp:attachment":[{"href":"https:\/\/vabiola.org\/it\/wp-json\/wp\/v2\/media?parent=9679"}],"curies":[{"name":"wp","href":"https:\/\/api.w.org\/{rel}","templated":true}]}}