{"id":12604,"date":"2024-10-11T22:27:55","date_gmt":"2024-10-11T20:27:55","guid":{"rendered":"https:\/\/vabiola.org\/kit-educativo\/"},"modified":"2026-04-14T11:58:43","modified_gmt":"2026-04-14T09:58:43","slug":"kit-educativo","status":"publish","type":"page","link":"https:\/\/vabiola.org\/it\/kit-educativo\/","title":{"rendered":"Kit educativo"},"content":{"rendered":"\t\t<div data-elementor-type=\"wp-page\" data-elementor-id=\"12604\" class=\"elementor elementor-12604 elementor-10577\" data-elementor-post-type=\"page\">\n\t\t\t\t\t\t<section class=\"has_eae_slider elementor-section elementor-top-section elementor-element elementor-element-1388d82b elementor-section-full_width elementor-section-height-min-height elementor-section-height-default elementor-section-items-middle\" data-eae-slider=\"62364\" data-id=\"1388d82b\" data-element_type=\"section\" data-settings=\"{&quot;background_background&quot;:&quot;classic&quot;}\">\n\t\t\t\t\t\t<div class=\"elementor-container elementor-column-gap-default\">\n\t\t\t\t\t<div class=\"has_eae_slider elementor-column elementor-col-100 elementor-top-column elementor-element elementor-element-1b33e16f\" data-eae-slider=\"86709\" data-id=\"1b33e16f\" data-element_type=\"column\">\n\t\t\t<div class=\"elementor-widget-wrap elementor-element-populated\">\n\t\t\t\t\t\t<div class=\"elementor-element elementor-element-7902ba9a elementor-widget elementor-widget-heading\" data-id=\"7902ba9a\" data-element_type=\"widget\" data-widget_type=\"heading.default\">\n\t\t\t\t<div class=\"elementor-widget-container\">\n\t\t\t\t\t<h2 class=\"elementor-heading-title elementor-size-default\">Il kit  educativo<\/h1><\/h2>\t\t\t\t<\/div>\n\t\t\t\t<\/div>\n\t\t\t\t\t<\/div>\n\t\t<\/div>\n\t\t\t\t\t<\/div>\n\t\t<\/section>\n\t\t\t\t<section class=\"has_eae_slider elementor-section elementor-top-section elementor-element elementor-element-14afc9f elementor-section-boxed elementor-section-height-default elementor-section-height-default\" data-eae-slider=\"29969\" data-id=\"14afc9f\" data-element_type=\"section\">\n\t\t\t\t\t\t<div class=\"elementor-container elementor-column-gap-default\">\n\t\t\t\t\t<div class=\"has_eae_slider elementor-column elementor-col-100 elementor-top-column elementor-element elementor-element-99f4d7f\" data-eae-slider=\"98237\" data-id=\"99f4d7f\" data-element_type=\"column\">\n\t\t\t<div class=\"elementor-widget-wrap elementor-element-populated\">\n\t\t\t\t\t\t<div class=\"elementor-element elementor-element-ec50566 elementor-widget elementor-widget-testimonial\" data-id=\"ec50566\" data-element_type=\"widget\" data-widget_type=\"testimonial.default\">\n\t\t\t\t<div class=\"elementor-widget-container\">\n\t\t\t\t\t\t\t<div class=\"elementor-testimonial-wrapper\">\n\t\t\t\t\t\t\t<div class=\"elementor-testimonial-content\">\"Il kit educativo VABIOLA mi ha offerto strumenti molto concreti\n per rendere i miei studenti consapevoli della diversit\u00e0 delle lingue e per guidarli\n a esplorare la propria biografia linguistica, valorizzando\n i loro background, le loro identit\u00e0 e la ricchezza linguistica della\n classe.\"<\/div>\n\t\t\t\n\t\t\t\t\t\t<div class=\"elementor-testimonial-meta elementor-has-image elementor-testimonial-image-position-aside\">\n\t\t\t\t<div class=\"elementor-testimonial-meta-inner\">\n\t\t\t\t\t\t\t\t\t\t\t<div class=\"elementor-testimonial-image\">\n\t\t\t\t\t\t\t<img fetchpriority=\"high\" decoding=\"async\" width=\"329\" height=\"288\" src=\"https:\/\/vabiola.org\/wp-content\/uploads\/2026\/03\/EJBq27RCXE0LMxoh.png\" class=\"attachment-full size-full wp-image-12384\" alt=\"\" srcset=\"https:\/\/vabiola.org\/wp-content\/uploads\/2026\/03\/EJBq27RCXE0LMxoh.png 329w, https:\/\/vabiola.org\/wp-content\/uploads\/2026\/03\/EJBq27RCXE0LMxoh-300x263.png 300w\" sizes=\"(max-width: 329px) 100vw, 329px\" \/>\t\t\t\t\t\t<\/div>\n\t\t\t\t\t\n\t\t\t\t\t\t\t\t\t\t<div class=\"elementor-testimonial-details\">\n\t\t\t\t\t\t\t\t\t\t\t\t\t\t<div class=\"elementor-testimonial-name\">Angelica<\/div>\n\t\t\t\t\t\t\t\t\t\t\t\t\t\t\t\t\t\t\t\t\t\t<div class=\"elementor-testimonial-job\">Insegnante<\/div>\n\t\t\t\t\t\t\t\t\t\t\t\t\t<\/div>\n\t\t\t\t\t\t\t\t\t<\/div>\n\t\t\t<\/div>\n\t\t\t\t\t<\/div>\n\t\t\t\t\t\t<\/div>\n\t\t\t\t<\/div>\n\t\t\t\t\t<\/div>\n\t\t<\/div>\n\t\t\t\t\t<\/div>\n\t\t<\/section>\n\t\t\t\t<section class=\"has_eae_slider elementor-section elementor-top-section elementor-element elementor-element-f8f3f7b elementor-section-boxed elementor-section-height-default elementor-section-height-default\" data-eae-slider=\"8735\" data-id=\"f8f3f7b\" data-element_type=\"section\">\n\t\t\t\t\t\t<div class=\"elementor-container elementor-column-gap-wide\">\n\t\t\t\t\t<div class=\"has_eae_slider elementor-column elementor-col-50 elementor-top-column elementor-element elementor-element-2739a540\" data-eae-slider=\"18230\" data-id=\"2739a540\" data-element_type=\"column\">\n\t\t\t<div class=\"elementor-widget-wrap elementor-element-populated\">\n\t\t\t\t\t\t<div class=\"elementor-element elementor-element-7783471 elementor-mobile-align-center elementor-widget elementor-widget-button\" data-id=\"7783471\" data-element_type=\"widget\" data-widget_type=\"button.default\">\n\t\t\t\t<div class=\"elementor-widget-container\">\n\t\t\t\t\t\t\t\t\t<div class=\"elementor-button-wrapper\">\n\t\t\t\t\t<a class=\"elementor-button elementor-button-link elementor-size-sm\" href=\"https:\/\/vabiola.org\/wp-content\/uploads\/2024\/10\/Sequence-pedagogique-Vabiola.pdf\" target=\"_blank\">\n\t\t\t\t\t\t<span class=\"elementor-button-content-wrapper\">\n\t\t\t\t\t\t<span class=\"elementor-button-icon\">\n\t\t\t\t<svg aria-hidden=\"true\" class=\"e-font-icon-svg e-fas-file-download\" viewBox=\"0 0 384 512\" xmlns=\"http:\/\/www.w3.org\/2000\/svg\"><path d=\"M224 136V0H24C10.7 0 0 10.7 0 24v464c0 13.3 10.7 24 24 24h336c13.3 0 24-10.7 24-24V160H248c-13.2 0-24-10.8-24-24zm76.45 211.36l-96.42 95.7c-6.65 6.61-17.39 6.61-24.04 0l-96.42-95.7C73.42 337.29 80.54 320 94.82 320H160v-80c0-8.84 7.16-16 16-16h32c8.84 0 16 7.16 16 16v80h65.18c14.28 0 21.4 17.29 11.27 27.36zM377 105L279.1 7c-4.5-4.5-10.6-7-17-7H256v128h128v-6.1c0-6.3-2.5-12.4-7-16.9z\"><\/path><\/svg>\t\t\t<\/span>\n\t\t\t\t\t\t\t\t\t<span class=\"elementor-button-text\">Scarica il kit in PDF<\/span>\n\t\t\t\t\t<\/span>\n\t\t\t\t\t<\/a>\n\t\t\t\t<\/div>\n\t\t\t\t\t\t\t\t<\/div>\n\t\t\t\t<\/div>\n\t\t\t\t<div class=\"elementor-element elementor-element-77e41e8c elementor-widget elementor-widget-text-editor\" data-id=\"77e41e8c\" data-element_type=\"widget\" data-widget_type=\"text-editor.default\">\n\t\t\t\t<div class=\"elementor-widget-container\">\n\t\t\t\t\t\t\t\t\t<div class=\"wp-block-spacer\" style=\"height: 50px;\" aria-hidden=\"true\"> <\/div><div class=\"wp-block-columns\"><div class=\"wp-block-column\" style=\"flex-basis: 75%;\"><p>Questo kit mira a supportare gli insegnanti nel processo di considerazione e valorizzazione delle lingue e delle culture dei loro studenti. Quattro sessioni sono state progettate per aiutare gli insegnanti a far evolvere i loro gruppi nelle rappresentazioni delle lingue circostanti per creare le loro biografie linguistiche. <\/p><p>&#8220;Uno strumento privilegiato per una didattica del multilinguismo, <strong>la biografia linguistica <\/strong>designa [&#8230;] qualsiasi produzione linguistica dell&#8217;apprendente che gli permetta, da un lato, di valorizzare l&#8217;apprendimento raggiunto nel campo delle lingue e delle culture in contatto con gli altri, e dall&#8217;altro, di sviluppare il proprio repertorio plurilingue e pluriculturale&#8221; (Molini\u00e9, 2006, p. 9).<\/p><p>Le quattro sessioni sono presentate in dettaglio in questo kit, al termine della quale l&#8217;insegnante trover\u00e0 nell&#8217;appendice i materiali necessari per prepararle (mappe, fogli degli studenti e biografie linguistiche).<\/p><p>Queste quattro sessioni sono soprattutto una proposta e possono essere adattate dall&#8217;insegnante in base al contesto, agli studenti, al tempo disponibile e agli obiettivi perseguiti. Quindi, a seconda dell&#8217;et\u00e0 degli studenti, alcune attivit\u00e0 possono essere svolte solo oralmente o digitalmente, con tutta la classe o in piccoli gruppi. Non \u00e8 necessario farle tutte se alcune non ti sembrano adatte.  <\/p><\/div><\/div>\t\t\t\t\t\t\t\t<\/div>\n\t\t\t\t<\/div>\n\t\t\t\t<div class=\"elementor-element elementor-element-19a19c5 elementor-mobile-align-center elementor-widget elementor-widget-button\" data-id=\"19a19c5\" data-element_type=\"widget\" data-widget_type=\"button.default\">\n\t\t\t\t<div class=\"elementor-widget-container\">\n\t\t\t\t\t\t\t\t\t<div class=\"elementor-button-wrapper\">\n\t\t\t\t\t<a class=\"elementor-button elementor-button-link elementor-size-sm\" href=\"https:\/\/vabiola.org\/wp-content\/uploads\/2024\/10\/Sequence-pedagogique-Vabiola.pdf\" target=\"_blank\">\n\t\t\t\t\t\t<span class=\"elementor-button-content-wrapper\">\n\t\t\t\t\t\t<span class=\"elementor-button-icon\">\n\t\t\t\t<svg aria-hidden=\"true\" class=\"e-font-icon-svg e-fas-file-download\" viewBox=\"0 0 384 512\" xmlns=\"http:\/\/www.w3.org\/2000\/svg\"><path d=\"M224 136V0H24C10.7 0 0 10.7 0 24v464c0 13.3 10.7 24 24 24h336c13.3 0 24-10.7 24-24V160H248c-13.2 0-24-10.8-24-24zm76.45 211.36l-96.42 95.7c-6.65 6.61-17.39 6.61-24.04 0l-96.42-95.7C73.42 337.29 80.54 320 94.82 320H160v-80c0-8.84 7.16-16 16-16h32c8.84 0 16 7.16 16 16v80h65.18c14.28 0 21.4 17.29 11.27 27.36zM377 105L279.1 7c-4.5-4.5-10.6-7-17-7H256v128h128v-6.1c0-6.3-2.5-12.4-7-16.9z\"><\/path><\/svg>\t\t\t<\/span>\n\t\t\t\t\t\t\t\t\t<span class=\"elementor-button-text\">Scarica il kit in PDF<\/span>\n\t\t\t\t\t<\/span>\n\t\t\t\t\t<\/a>\n\t\t\t\t<\/div>\n\t\t\t\t\t\t\t\t<\/div>\n\t\t\t\t<\/div>\n\t\t\t\t\t<\/div>\n\t\t<\/div>\n\t\t\t\t<div class=\"has_eae_slider elementor-column elementor-col-50 elementor-top-column elementor-element elementor-element-c38c8f6 elementor-hidden-tablet elementor-hidden-mobile\" data-eae-slider=\"59436\" data-id=\"c38c8f6\" data-element_type=\"column\">\n\t\t\t<div class=\"elementor-widget-wrap elementor-element-populated\">\n\t\t\t\t\t\t<div class=\"elementor-element elementor-element-417f6c3 elementor-widget elementor-widget-text-editor\" data-id=\"417f6c3\" data-element_type=\"widget\" data-widget_type=\"text-editor.default\">\n\t\t\t\t<div class=\"elementor-widget-container\">\n\t\t\t\t\t\t\t\t\t<div class=\"wp-block-spacer\" style=\"height: 50px;\" aria-hidden=\"true\"> <\/div><div class=\"wp-block-columns\"><div class=\"wp-block-column\" style=\"flex-basis: 100%;\"><div class=\"wp-block-file\"><object class=\"wp-block-file__embed\" style=\"width: 100%; height: 880px;\" data=\"https:\/\/vabiola.org\/wp-content\/uploads\/2024\/10\/Sequence-pedagogique-Vabiola.pdf\" type=\"application\/pdf\" width=\"300\" height=\"150\" aria-label=\"Se\u0301quence pe\u0301dagogique Vabiola\"><\/object><\/div><\/div><\/div>\t\t\t\t\t\t\t\t<\/div>\n\t\t\t\t<\/div>\n\t\t\t\t\t<\/div>\n\t\t<\/div>\n\t\t\t\t\t<\/div>\n\t\t<\/section>\n\t\t\t\t<\/div>\n\t\t","protected":false},"excerpt":{"rendered":"<p>Il kit educativo &#8220;Il kit educativo VABIOLA mi ha offerto strumenti molto concreti per rendere i miei studenti consapevoli della diversit\u00e0 delle lingue e per guidarli a esplorare la propria biografia linguistica, valorizzando i loro background, le loro identit\u00e0 e la ricchezza linguistica della classe.&#8221; Angelica Insegnante Scarica il kit in PDF Questo kit mira [&hellip;]<\/p>\n","protected":false},"author":19,"featured_media":0,"parent":0,"menu_order":0,"comment_status":"closed","ping_status":"closed","template":"elementor_header_footer","meta":{"site-sidebar-layout":"no-sidebar","site-content-layout":"page-builder","ast-site-content-layout":"full-width-container","site-content-style":"default","site-sidebar-style":"default","ast-global-header-display":"","ast-banner-title-visibility":"","ast-main-header-display":"","ast-hfb-above-header-display":"","ast-hfb-below-header-display":"","ast-hfb-mobile-header-display":"","site-post-title":"","ast-breadcrumbs-content":"","ast-featured-img":"disabled","footer-sml-layout":"","theme-transparent-header-meta":"","adv-header-id-meta":"","stick-header-meta":"","header-above-stick-meta":"","header-main-stick-meta":"","header-below-stick-meta":"","astra-migrate-meta-layouts":"default","ast-page-background-enabled":"default","ast-page-background-meta":{"desktop":{"background-color":"","background-image":"","background-repeat":"repeat","background-position":"center center","background-size":"auto","background-attachment":"scroll","background-type":"","background-media":"","overlay-type":"","overlay-color":"","overlay-opacity":"","overlay-gradient":""},"tablet":{"background-color":"","background-image":"","background-repeat":"repeat","background-position":"center center","background-size":"auto","background-attachment":"scroll","background-type":"","background-media":"","overlay-type":"","overlay-color":"","overlay-opacity":"","overlay-gradient":""},"mobile":{"background-color":"","background-image":"","background-repeat":"repeat","background-position":"center center","background-size":"auto","background-attachment":"scroll","background-type":"","background-media":"","overlay-type":"","overlay-color":"","overlay-opacity":"","overlay-gradient":""}},"ast-content-background-meta":{"desktop":{"background-color":"var(--ast-global-color-5)","background-image":"","background-repeat":"repeat","background-position":"center center","background-size":"auto","background-attachment":"scroll","background-type":"","background-media":"","overlay-type":"","overlay-color":"","overlay-opacity":"","overlay-gradient":""},"tablet":{"background-color":"var(--ast-global-color-5)","background-image":"","background-repeat":"repeat","background-position":"center center","background-size":"auto","background-attachment":"scroll","background-type":"","background-media":"","overlay-type":"","overlay-color":"","overlay-opacity":"","overlay-gradient":""},"mobile":{"background-color":"var(--ast-global-color-5)","background-image":"","background-repeat":"repeat","background-position":"center center","background-size":"auto","background-attachment":"scroll","background-type":"","background-media":"","overlay-type":"","overlay-color":"","overlay-opacity":"","overlay-gradient":""}},"footnotes":""},"class_list":["post-12604","page","type-page","status-publish","hentry"],"_links":{"self":[{"href":"https:\/\/vabiola.org\/it\/wp-json\/wp\/v2\/pages\/12604","targetHints":{"allow":["GET"]}}],"collection":[{"href":"https:\/\/vabiola.org\/it\/wp-json\/wp\/v2\/pages"}],"about":[{"href":"https:\/\/vabiola.org\/it\/wp-json\/wp\/v2\/types\/page"}],"author":[{"embeddable":true,"href":"https:\/\/vabiola.org\/it\/wp-json\/wp\/v2\/users\/19"}],"replies":[{"embeddable":true,"href":"https:\/\/vabiola.org\/it\/wp-json\/wp\/v2\/comments?post=12604"}],"version-history":[{"count":1,"href":"https:\/\/vabiola.org\/it\/wp-json\/wp\/v2\/pages\/12604\/revisions"}],"predecessor-version":[{"id":12612,"href":"https:\/\/vabiola.org\/it\/wp-json\/wp\/v2\/pages\/12604\/revisions\/12612"}],"wp:attachment":[{"href":"https:\/\/vabiola.org\/it\/wp-json\/wp\/v2\/media?parent=12604"}],"curies":[{"name":"wp","href":"https:\/\/api.w.org\/{rel}","templated":true}]}}