{"id":9688,"date":"2021-09-23T16:23:40","date_gmt":"2021-09-23T14:23:40","guid":{"rendered":"https:\/\/vabiola.org\/politica-de-privacidad\/"},"modified":"2023-11-10T13:11:08","modified_gmt":"2023-11-10T12:11:08","slug":"politica-de-privacidad","status":"publish","type":"page","link":"https:\/\/vabiola.org\/es\/politica-de-privacidad\/","title":{"rendered":"Pol\u00edtica de privacidad"},"content":{"rendered":"\t\t<div data-elementor-type=\"wp-page\" data-elementor-id=\"9688\" class=\"elementor elementor-9688 elementor-2398\" data-elementor-post-type=\"page\">\n\t\t\t\t\t\t<section class=\"has_eae_slider elementor-section elementor-top-section elementor-element elementor-element-6f0da772 elementor-section-boxed elementor-section-height-default elementor-section-height-default\" data-eae-slider=\"68573\" data-id=\"6f0da772\" data-element_type=\"section\">\n\t\t\t\t\t\t<div class=\"elementor-container elementor-column-gap-default\">\n\t\t\t\t\t<div class=\"has_eae_slider elementor-column elementor-col-100 elementor-top-column elementor-element elementor-element-27f9732f\" data-eae-slider=\"55558\" data-id=\"27f9732f\" data-element_type=\"column\">\n\t\t\t<div class=\"elementor-widget-wrap elementor-element-populated\">\n\t\t\t\t\t\t\t<\/div>\n\t\t<\/div>\n\t\t\t\t\t<\/div>\n\t\t<\/section>\n\t\t\t\t<section class=\"has_eae_slider elementor-section elementor-top-section elementor-element elementor-element-6e8a550 elementor-section-boxed elementor-section-height-default elementor-section-height-default\" data-eae-slider=\"22249\" data-id=\"6e8a550\" data-element_type=\"section\">\n\t\t\t\t\t\t<div class=\"elementor-container elementor-column-gap-default\">\n\t\t\t\t\t<div class=\"has_eae_slider elementor-column elementor-col-100 elementor-top-column elementor-element elementor-element-62d8300\" data-eae-slider=\"35296\" data-id=\"62d8300\" data-element_type=\"column\">\n\t\t\t<div class=\"elementor-widget-wrap elementor-element-populated\">\n\t\t\t\t\t\t<div class=\"elementor-element elementor-element-9f41a76 elementor-widget elementor-widget-text-editor\" data-id=\"9f41a76\" data-element_type=\"widget\" data-widget_type=\"text-editor.default\">\n\t\t\t\t<div class=\"elementor-widget-container\">\n\t\t\t\t\t\t\t\t\t<p><span style=\"font-weight: 400;\">Este sitio web vabiola.org es para uso exclusivo de los empleados y cargos electos de la CMA Auvergne-Rh\u00f4ne-Alpes en el marco de su contrato de trabajo firmado con la CMA Auvergne-Rh\u00f4ne-Alpes.<\/span><\/p>\n<p><span style=\"font-weight: 400;\">Como parte del sitio web vabiola.org, CMA Auvergne-Rh\u00f4ne-Alpes est\u00e1 obligada a procesar los datos personales de los agentes y cargos electos de la red de c\u00e1maras de oficios y artesan\u00edas.<\/span><\/p>\n<p><span style=\"font-weight: 400;\"> <\/span><\/p>\n<h3><b>1 \u00b7 Campos de aplicaci\u00f3n<\/b><\/h3>\n<p><span style=\"font-weight: 400;\">La Pol\u00edtica de Privacidad se refiere a cualquier persona f\u00edsica en relaci\u00f3n con la C\u00e1mara de Oficios y Oficios de la Regi\u00f3n de Auvernia-R\u00f3dano-Alpes que tenga acceso al sitio (plataforma) como agentes o funcionarios electos de la red de C\u00e1maras de Comercio y Artesan\u00eda.<\/span><\/p>\n<p><span style=\"font-weight: 400;\">Los usuarios de este sitio pueden comunicar los datos personales que les conciernen al editor del sitio utilizando los diferentes medios de recopilaci\u00f3n, herramientas y servicios puestos a su disposici\u00f3n en el sitio:<\/span><\/p>\n<ul>\n<li style=\"font-weight: 400;\" aria-level=\"1\"><span style=\"font-weight: 400;\">Formulario de recopilaci\u00f3n de informaci\u00f3n,<\/span><\/li>\n<li style=\"font-weight: 400;\" aria-level=\"1\"><span style=\"font-weight: 400;\">Galletas;<\/span><\/li>\n<\/ul>\n<h3><b>2 \u00b7 Identidad y datos de contacto del responsable del tratamiento  <\/b><\/h3>\n<p><span style=\"font-weight: 400;\">El Responsable del Tratamiento:<br \/><\/span><span style=\"font-weight: 400;\">Se\u00f1or Presidente<br \/><\/span>Presidente de la <span style=\"font-weight: 400;\">C\u00e1mara de Oficios y Artesan\u00eda de la Regi\u00f3n de Auvernia-R\u00f3dano-Alpes<br \/><\/span><span style=\"font-weight: 400;\">10 rue Paul Montrochet <br \/><\/span><span style=\"font-weight: 400;\">69002 Lyon<\/span><\/p>\n<h3><b>3 \u00b7 Datos de contacto del Delegado de Protecci\u00f3n de Datos  <\/b><\/h3>\n<p><span style=\"font-weight: 400;\">La C\u00e1mara de Oficios y Oficios de la Regi\u00f3n de Auvernia-R\u00f3dano-Alpes ha nombrado un Delegado de Protecci\u00f3n de Datos, cuya misi\u00f3n es garantizar el cumplimiento del tratamiento de datos y asegurar el ejercicio de sus derechos, con el que puede ponerse en contacto con:  <\/span><\/p>\n<ul>\n<li style=\"font-weight: 400;\" aria-level=\"1\"><span style=\"font-weight: 400;\">Por correo electr\u00f3nico a la siguiente direcci\u00f3n: dpo@cma-auvergnerhonealpes.fr  <\/span><\/li>\n<li style=\"font-weight: 400;\" aria-level=\"1\"><span style=\"font-weight: 400;\">Por correo postal a: Delegado de Protecci\u00f3n de Datos \u2013 C\u00e1mara de Oficios y Oficios de la Regi\u00f3n de Auvernia-R\u00f3dano-Alpes &#8211; 10 rue Paul Montrochet, 69002 Lyon.<\/span><\/li>\n<\/ul>\n<h3><b>4 \u00b7 Finalidad del tratamiento realizado  <\/b><\/h3>\n<p><span style=\"font-weight: 400;\">El tratamiento de datos personales que se lleva a cabo en el marco del sitio web vabiola.org tiene las siguientes finalidades:  <\/span><\/p>\n<ul>\n<li style=\"font-weight: 400;\" aria-level=\"1\"><span style=\"font-weight: 400;\">Gesti\u00f3n y administraci\u00f3n de la plataforma<\/span><\/li>\n<li style=\"font-weight: 400;\" aria-level=\"1\"><span style=\"font-weight: 400;\">Distribuci\u00f3n de boletines informativos<\/span><\/li>\n<li style=\"font-weight: 400;\" aria-level=\"1\"><span style=\"font-weight: 400;\">Transmisi\u00f3n de noticias  <\/span><\/li>\n<li style=\"font-weight: 400;\" aria-level=\"1\"><span style=\"font-weight: 400;\">Entrega de mensajes internos<\/span><\/li>\n<li style=\"font-weight: 400;\" aria-level=\"1\"><span style=\"font-weight: 400;\">Producci\u00f3n de estad\u00edsticas de audiencia y uso del sitio<\/span><\/li>\n<\/ul>\n<p><span style=\"font-weight: 400;\">Esta lista no es exhaustiva.  <\/span><\/p>\n<p><span style=\"font-weight: 400;\">El tratamiento de datos personales implementado para la consecuci\u00f3n de estos fines se basa en el inter\u00e9s que perseguimos, es decir, el suministro interno de informaci\u00f3n relacionada con la actividad y el funcionamiento de la CMA Auvergne-Rh\u00f4ne-Alpes.  <\/span><\/p>\n<p><span style=\"font-weight: 400;\">La informaci\u00f3n comunicada por el usuario a trav\u00e9s de los formularios disponibles en el sitio web est\u00e1 destinada exclusivamente a la gesti\u00f3n de contenidos con vistas a su publicaci\u00f3n en el sitio web vabiola.org. La obligatoriedad de la comunicaci\u00f3n de informaci\u00f3n se indica mediante la presencia de un asterisco. Si no proporciona estos datos, el editor no podr\u00e1 procesar su solicitud o que usted pueda utilizar la herramienta.<\/span><\/p>\n<p><span style=\"font-weight: 400;\">Adem\u00e1s, el prop\u00f3sito de las cookies presentes en el sitio es permitir el correcto funcionamiento y la mejora del sitio, as\u00ed como detectar anomal\u00edas y medir la audiencia del sitio.  <\/span><\/p>\n<p><span style=\"font-weight: 400;\">Le informamos que el sitio vabiola.org est\u00e1 sujeto a cambios con el tiempo. Si las nuevas funcionalidades implican el tratamiento de datos personales que no sean compatibles con las finalidades anteriores, esta pol\u00edtica de privacidad se actualizar\u00e1 y se le notificar\u00e1.<\/span><\/p>\n<p><span style=\"font-weight: 400;\">Los datos personales recogidos en este sitio son: apellidos, nombre, actividad profesional, localidad.<\/span><\/p>\n<h3><b>5 \u00b7 Cookies y seguimiento de la actividad  <\/b><\/h3>\n<p><span style=\"font-weight: 400;\">Las cookies son archivos de texto que se almacenan en su dispositivo de inicio de sesi\u00f3n y se utilizan para almacenar datos personales y t\u00e9cnicos relacionados con la navegaci\u00f3n en el sitio web. Las cookies pueden ser temporales o permanentes.<\/span><\/p>\n<p><span style=\"font-weight: 400;\">El sitio web utiliza cookies u otras tecnolog\u00edas o tecnolog\u00edas similares que pueden recopilar o almacenar sus datos personales. Las cookies se utilizan para:<\/span><\/p>\n<ul>\n<li style=\"font-weight: 400;\" aria-level=\"1\"><span style=\"font-weight: 400;\">Mejorar la experiencia del usuario, en particular mediante el reconocimiento de su terminal de conexi\u00f3n<\/span><\/li>\n<li style=\"font-weight: 400;\" aria-level=\"1\"><span style=\"font-weight: 400;\">Analizar el tr\u00e1fico y los datos en el sitio vabiola.org, con el fin de:  <\/span>\n<ul>\n<li style=\"font-weight: 400;\" aria-level=\"2\"><span style=\"font-weight: 400;\">Medir la audiencia del sitio web con el fin de mejorar la experiencia del usuario,<\/span><\/li>\n<li style=\"font-weight: 400;\" aria-level=\"2\"><span style=\"font-weight: 400;\">Comprender c\u00f3mo utiliza este sitio para mejorar la funcionalidad y el rendimiento.<\/span><\/li>\n<\/ul>\n<\/li>\n<\/ul>\n<p><span style=\"font-weight: 400;\">La actividad es supervisada por el Departamento de Marca y Comunicaci\u00f3n de la CMA Auvergne-Rh\u00f4ne-Alpes.<\/span><\/p>\n<p><span style=\"font-weight: 400;\">El uso de cookies se limita a necesidades estrictamente t\u00e9cnicas; Puede configurar su navegador en cualquier momento para controlar siempre las cookies.<\/span><\/p>\n<h3><b>6 \u00b7 Destinatarios de los datos<\/b><\/h3>\n<p><span style=\"font-weight: 400;\">Sus datos personales podr\u00e1n ser comunicados a:<\/span><\/p>\n<ul>\n<li style=\"font-weight: 400;\" aria-level=\"1\"><span style=\"font-weight: 400;\">La CMA Auvergne-Rh\u00f4ne-Alpes para la gesti\u00f3n y el mantenimiento del sitio web<\/span><\/li>\n<li style=\"font-weight: 400;\" aria-level=\"1\"><span style=\"font-weight: 400;\">Los subcontratistas de CMA Auvergne-Rh\u00f4ne-Alpes participan en el alojamiento, la gesti\u00f3n y el mantenimiento del sitio web<\/span><\/li>\n<\/ul>\n<h3><b>7 \u00b7 Duraci\u00f3n de la conservaci\u00f3n de los datos<\/b><\/h3>\n<p><span style=\"font-weight: 400;\">Los datos personales de los usuarios de Internet se conservan y procesan durante el tiempo necesario para lograr el prop\u00f3sito perseguido y durante el per\u00edodo m\u00e1ximo de tiempo mencionado en esta pol\u00edtica de protecci\u00f3n de datos:<\/span><\/p>\n<ul>\n<li style=\"font-weight: 400;\" aria-level=\"1\"><span style=\"font-weight: 400;\">12 meses desde el momento en que las cookies se depositan en el equipo del usuario;<\/span><\/li>\n<li style=\"font-weight: 400;\" aria-level=\"1\"><span style=\"font-weight: 400;\">6 meses para los datos de los formularios de contacto;<\/span><\/li>\n<\/ul>\n<p>Puesta a disposici\u00f3n del <span style=\"font-weight: 400;\">sitio web: el tiempo que forma parte de la plantilla<\/span><span style=\"font-weight: 400;\">. <\/span> <\/p>\n<h3><b>8 \u00b7 Sus derechos<\/b><\/h3>\n<p><span style=\"font-weight: 400;\">Tiene derecho a acceder, rectificar, suprimir, portar los datos personales, oponerse y limitar el tratamiento seg\u00fan lo dispuesto en el RGPD que entr\u00f3 en vigor el 25 de mayo de 2018.<\/span><\/p>\n<p><span style=\"font-weight: 400;\">Los derechos a que se refiere este apartado pueden ejercerse poni\u00e9ndose en contacto con el DPO de la CMA Auvergne-Rh\u00f4ne-Alpes dpo@cma-auvergnerhonealpes.fr, mediante solicitud escrita acompa\u00f1ada de una fotocopia del documento de identidad v\u00e1lido (anverso y reverso, en blanco y negro).<\/span><\/p>\n<p><span style=\"font-weight: 400;\">Cuando el tratamiento se base en el consentimiento del interesado, dicho consentimiento podr\u00e1 ser retirado en cualquier momento. La retirada del consentimiento no afecta a la licitud del tratamiento basado en el consentimiento realizado antes de dicha retirada.<\/span><\/p>\n<p><span style=\"font-weight: 400;\">Por \u00faltimo, tiene derecho a presentar una reclamaci\u00f3n ante la CNIL accediendo a su sitio web (https:\/\/www.cnil.fr\/fr\/plaintes) o por correo postal a la siguiente direcci\u00f3n: CNIL &#8211; 3 Place de Fontenoy &#8211; TSA 80715 &#8211; 75334 PARIS CEDEX 07.<\/span><\/p>\n\t\t\t\t\t\t\t\t<\/div>\n\t\t\t\t<\/div>\n\t\t\t\t<div class=\"elementor-element elementor-element-a50e0f9 elementor-widget elementor-widget-button\" data-id=\"a50e0f9\" data-element_type=\"widget\" data-widget_type=\"button.default\">\n\t\t\t\t<div class=\"elementor-widget-container\">\n\t\t\t\t\t\t\t\t\t<div class=\"elementor-button-wrapper\">\n\t\t\t\t\t<a class=\"elementor-button elementor-button-link elementor-size-sm\" href=\"https:\/\/vabiola.org\/es\/\">\n\t\t\t\t\t\t<span class=\"elementor-button-content-wrapper\">\n\t\t\t\t\t\t<span class=\"elementor-button-icon\">\n\t\t\t\t<svg aria-hidden=\"true\" class=\"e-font-icon-svg e-fas-arrow-left\" viewBox=\"0 0 448 512\" xmlns=\"http:\/\/www.w3.org\/2000\/svg\"><path d=\"M257.5 445.1l-22.2 22.2c-9.4 9.4-24.6 9.4-33.9 0L7 273c-9.4-9.4-9.4-24.6 0-33.9L201.4 44.7c9.4-9.4 24.6-9.4 33.9 0l22.2 22.2c9.5 9.5 9.3 25-.4 34.3L136.6 216H424c13.3 0 24 10.7 24 24v32c0 13.3-10.7 24-24 24H136.6l120.5 114.8c9.8 9.3 10 24.8.4 34.3z\"><\/path><\/svg>\t\t\t<\/span>\n\t\t\t\t\t\t\t\t\t<span class=\"elementor-button-text\">Volver a la p\u00e1gina de inicio<\/span>\n\t\t\t\t\t<\/span>\n\t\t\t\t\t<\/a>\n\t\t\t\t<\/div>\n\t\t\t\t\t\t\t\t<\/div>\n\t\t\t\t<\/div>\n\t\t\t\t\t<\/div>\n\t\t<\/div>\n\t\t\t\t\t<\/div>\n\t\t<\/section>\n\t\t\t\t<\/div>\n\t\t","protected":false},"excerpt":{"rendered":"<p>Este sitio web vabiola.org es para uso exclusivo de los empleados y cargos electos de la CMA Auvergne-Rh\u00f4ne-Alpes en el marco de su contrato de trabajo firmado con la CMA Auvergne-Rh\u00f4ne-Alpes. Como parte del sitio web vabiola.org, CMA Auvergne-Rh\u00f4ne-Alpes est\u00e1 obligada a procesar los datos personales de los agentes y cargos electos de la red [&hellip;]<\/p>\n","protected":false},"author":1,"featured_media":0,"parent":0,"menu_order":0,"comment_status":"closed","ping_status":"closed","template":"","meta":{"site-sidebar-layout":"no-sidebar","site-content-layout":"page-builder","ast-site-content-layout":"","site-content-style":"default","site-sidebar-style":"default","ast-global-header-display":"","ast-banner-title-visibility":"","ast-main-header-display":"","ast-hfb-above-header-display":"","ast-hfb-below-header-display":"","ast-hfb-mobile-header-display":"","site-post-title":"disabled","ast-breadcrumbs-content":"","ast-featured-img":"disabled","footer-sml-layout":"","theme-transparent-header-meta":"default","adv-header-id-meta":"","stick-header-meta":"","header-above-stick-meta":"","header-main-stick-meta":"","header-below-stick-meta":"","astra-migrate-meta-layouts":"default","ast-page-background-enabled":"default","ast-page-background-meta":{"desktop":{"background-color":"","background-image":"","background-repeat":"repeat","background-position":"center center","background-size":"auto","background-attachment":"scroll","background-type":"","background-media":"","overlay-type":"","overlay-color":"","overlay-opacity":"","overlay-gradient":""},"tablet":{"background-color":"","background-image":"","background-repeat":"repeat","background-position":"center center","background-size":"auto","background-attachment":"scroll","background-type":"","background-media":"","overlay-type":"","overlay-color":"","overlay-opacity":"","overlay-gradient":""},"mobile":{"background-color":"","background-image":"","background-repeat":"repeat","background-position":"center center","background-size":"auto","background-attachment":"scroll","background-type":"","background-media":"","overlay-type":"","overlay-color":"","overlay-opacity":"","overlay-gradient":""}},"ast-content-background-meta":{"desktop":{"background-color":"var(--ast-global-color-5)","background-image":"","background-repeat":"repeat","background-position":"center center","background-size":"auto","background-attachment":"scroll","background-type":"","background-media":"","overlay-type":"","overlay-color":"","overlay-opacity":"","overlay-gradient":""},"tablet":{"background-color":"var(--ast-global-color-5)","background-image":"","background-repeat":"repeat","background-position":"center center","background-size":"auto","background-attachment":"scroll","background-type":"","background-media":"","overlay-type":"","overlay-color":"","overlay-opacity":"","overlay-gradient":""},"mobile":{"background-color":"var(--ast-global-color-5)","background-image":"","background-repeat":"repeat","background-position":"center center","background-size":"auto","background-attachment":"scroll","background-type":"","background-media":"","overlay-type":"","overlay-color":"","overlay-opacity":"","overlay-gradient":""}},"footnotes":""},"class_list":["post-9688","page","type-page","status-publish","hentry"],"_links":{"self":[{"href":"https:\/\/vabiola.org\/es\/wp-json\/wp\/v2\/pages\/9688","targetHints":{"allow":["GET"]}}],"collection":[{"href":"https:\/\/vabiola.org\/es\/wp-json\/wp\/v2\/pages"}],"about":[{"href":"https:\/\/vabiola.org\/es\/wp-json\/wp\/v2\/types\/page"}],"author":[{"embeddable":true,"href":"https:\/\/vabiola.org\/es\/wp-json\/wp\/v2\/users\/1"}],"replies":[{"embeddable":true,"href":"https:\/\/vabiola.org\/es\/wp-json\/wp\/v2\/comments?post=9688"}],"version-history":[{"count":0,"href":"https:\/\/vabiola.org\/es\/wp-json\/wp\/v2\/pages\/9688\/revisions"}],"wp:attachment":[{"href":"https:\/\/vabiola.org\/es\/wp-json\/wp\/v2\/media?parent=9688"}],"curies":[{"name":"wp","href":"https:\/\/api.w.org\/{rel}","templated":true}]}}