{"id":6620,"date":"2021-09-23T16:23:40","date_gmt":"2021-09-23T14:23:40","guid":{"rendered":"https:\/\/vabiola.org\/privacy-policy\/"},"modified":"2022-09-11T19:27:50","modified_gmt":"2022-09-11T17:27:50","slug":"privacy-policy","status":"publish","type":"page","link":"https:\/\/vabiola.org\/en\/privacy-policy\/","title":{"rendered":"Privacy Policy"},"content":{"rendered":"\t\t<div data-elementor-type=\"wp-page\" data-elementor-id=\"6620\" class=\"elementor elementor-6620 elementor-2398\" data-elementor-post-type=\"page\">\n\t\t\t\t\t\t<section class=\"has_eae_slider elementor-section elementor-top-section elementor-element elementor-element-6f0da772 elementor-section-boxed elementor-section-height-default elementor-section-height-default\" data-eae-slider=\"37241\" data-id=\"6f0da772\" data-element_type=\"section\">\n\t\t\t\t\t\t<div class=\"elementor-container elementor-column-gap-default\">\n\t\t\t\t\t<div class=\"has_eae_slider elementor-column elementor-col-100 elementor-top-column elementor-element elementor-element-27f9732f\" data-eae-slider=\"45409\" data-id=\"27f9732f\" data-element_type=\"column\">\n\t\t\t<div class=\"elementor-widget-wrap elementor-element-populated\">\n\t\t\t\t\t\t\t<\/div>\n\t\t<\/div>\n\t\t\t\t\t<\/div>\n\t\t<\/section>\n\t\t\t\t<section class=\"has_eae_slider elementor-section elementor-top-section elementor-element elementor-element-6e8a550 elementor-section-boxed elementor-section-height-default elementor-section-height-default\" data-eae-slider=\"81260\" data-id=\"6e8a550\" data-element_type=\"section\">\n\t\t\t\t\t\t<div class=\"elementor-container elementor-column-gap-default\">\n\t\t\t\t\t<div class=\"has_eae_slider elementor-column elementor-col-100 elementor-top-column elementor-element elementor-element-62d8300\" data-eae-slider=\"17371\" data-id=\"62d8300\" data-element_type=\"column\">\n\t\t\t<div class=\"elementor-widget-wrap elementor-element-populated\">\n\t\t\t\t\t\t<div class=\"elementor-element elementor-element-9f41a76 elementor-widget elementor-widget-text-editor\" data-id=\"9f41a76\" data-element_type=\"widget\" data-widget_type=\"text-editor.default\">\n\t\t\t\t<div class=\"elementor-widget-container\">\n\t\t\t\t\t\t\t\t\t<p><span style=\"font-weight: 400;\">This website vabiola.org is for the exclusive use of the employees and elected representatives of the CMA Auvergne-Rh\u00f4ne-Alpes within the framework of their employment contract signed with the CMA Auvergne-Rh\u00f4ne-Alpes.<\/span><\/p><p><span style=\"font-weight: 400;\">Within the framework of the vabiola.org website, CMA Auvergne-Rh\u00f4ne-Alpes is required to process the personal data of the agents and elected representatives of the network of chambers of trade and crafts.<\/span><\/p><p><span style=\"font-weight: 400;\"> <\/span><\/p><h3><b>1 &#8211; Fields of application<\/b><\/h3><p><span style=\"font-weight: 400;\">The Privacy Policy concerns any individual connected with the Chambre de M\u00e9tiers et de l&#8217;Artisanat de R\u00e9gion Auvergne-Rh\u00f4ne-Alpes who has access to the site (platform) in their capacity as agents or elected representatives of the network of chambers of trade and craft.<\/span><\/p><p><span style=\"font-weight: 400;\">The users of this site are likely to communicate to the editor of the site, personal data concerning them by using the various supports of collection, tools and services placed at their disposal on the site:<\/span><\/p><ul><li style=\"font-weight: 400;\" aria-level=\"1\"><span style=\"font-weight: 400;\">Information collection form,<\/span><\/li><li style=\"font-weight: 400;\" aria-level=\"1\"><span style=\"font-weight: 400;\">Cookies ;<\/span><\/li><\/ul><h3><b>2 &#8211; Identity and contact details of the data controller  <\/b><\/h3><p><span style=\"font-weight: 400;\">The person in charge of the treatments :<br><\/span><span style=\"font-weight: 400;\">Mr. President<br><\/span><span style=\"font-weight: 400;\">President of the Chamber of Trades and Crafts of the Auvergne-Rh\u00f4ne-Alpes Region<br><\/span><span style=\"font-weight: 400;\">10 rue Paul Montrochet <br><\/span><span style=\"font-weight: 400;\">69002 Lyon<\/span><\/p><h3><b>3 &#8211; Contact details of the Data Protection Officer  <\/b><\/h3><p><span style=\"font-weight: 400;\">The Chamber of Trades and Crafts of the Auvergne-Rh\u00f4ne-Alpes Region has appointed a Data Protection Officer, whose mission is to guarantee the compliance of data processing and to ensure the exercise of your rights, contactable :  <\/span><\/p><ul><li style=\"font-weight: 400;\" aria-level=\"1\"><span style=\"font-weight: 400;\">By email to the following address: dpo@cma-auvergnerhonealpes.fr  <\/span><\/li><li style=\"font-weight: 400;\" aria-level=\"1\"><span style=\"font-weight: 400;\">By mail to : Data Protection Officer &#8211; Chambre de M\u00e9tiers et de l&#8217;Artisanat de R\u00e9gion Auvergne-Rh\u00f4ne-Alpes &#8211; 10 rue Paul Montrochet, 69002 Lyon.<\/span><\/li><\/ul><h3><b>4 &#8211; Purpose of the processing carried out  <\/b><\/h3><p><span style=\"font-weight: 400;\">The processing of personal data implemented within the framework of the vabiola.org website has the following purposes:  <\/span><\/p><ul><li style=\"font-weight: 400;\" aria-level=\"1\"><span style=\"font-weight: 400;\">management and administration of the platform<\/span><\/li><li style=\"font-weight: 400;\" aria-level=\"1\"><span style=\"font-weight: 400;\">distribution of newsletters<\/span><\/li><li style=\"font-weight: 400;\" aria-level=\"1\"><span style=\"font-weight: 400;\">distribution of news feeds  <\/span><\/li><li style=\"font-weight: 400;\" aria-level=\"1\"><span style=\"font-weight: 400;\">internal messaging<\/span><\/li><li style=\"font-weight: 400;\" aria-level=\"1\"><span style=\"font-weight: 400;\">production of audience and site usage statistics<\/span><\/li><\/ul><p><span style=\"font-weight: 400;\">This list is not exhaustive.  <\/span><\/p><p><span style=\"font-weight: 400;\">The processing of personal data for these purposes is based on the interest we pursue, namely the internal provision of information relating to the activity and operation of the CMA Auvergne-Rh\u00f4ne-Alpes.  <\/span><\/p><p><span style=\"font-weight: 400;\">The information communicated by the user through the forms available on the site is exclusively intended for content management for publication on the vabiola.org site. The mandatory nature of the information is indicated by an asterisk. Failure to provide this data will result in the publisher being unable to process your request or for you to use the tool.<\/span><\/p><p><span style=\"font-weight: 400;\">In addition, the cookies present on the site are intended to allow the proper functioning and improvement of the site as well as to detect anomalies and measure the audience of the site.  <\/span><\/p><p><span style=\"font-weight: 400;\">We inform you that the vabiola.org website will evolve over time. If new features involve the processing of personal data that are not compatible with the above purposes, this Privacy Policy will be updated and you will be notified.<\/span><\/p><p><span style=\"font-weight: 400;\">The personal data collected on this site are: name, first name, professional activity, location.<\/span><\/p><h3><b>5 &#8211; Cookies and activity tracking  <\/b><\/h3><p><span style=\"font-weight: 400;\">Cookies are text files stored in your connection terminal and used to record personal and technical data relating to navigation on the website. Cookies can be temporary or permanent.<\/span><\/p><p><span style=\"font-weight: 400;\">The website uses cookies or other technologies that may collect or store your personal data. Cookies are used to :<\/span><\/p><ul><li style=\"font-weight: 400;\" aria-level=\"1\"><span style=\"font-weight: 400;\">To improve the user experience, in particular by recognizing your connection terminal<\/span><\/li><li style=\"font-weight: 400;\" aria-level=\"1\"><span style=\"font-weight: 400;\">Analyze traffic and data on the vabiola.org website, in order to:  <\/span><ul><li style=\"font-weight: 400;\" aria-level=\"2\"><span style=\"font-weight: 400;\">Measure the website audience in order to improve the user experience,<\/span><\/li><li style=\"font-weight: 400;\" aria-level=\"2\"><span style=\"font-weight: 400;\">To understand how you use the site in order to improve functionality and performance.<\/span><\/li><\/ul><\/li><\/ul><p><span style=\"font-weight: 400;\">The activity is monitored by the Brand and Communication Department of the CMA Auvergne-Rh\u00f4ne-Alpes.<\/span><\/p><p><span style=\"font-weight: 400;\">The use of cookies is limited to the strict technical requirements; you can configure your browser at any time to systematically control cookies.<\/span><\/p><h3><b>6 &#8211; Recipients of the data<\/b><\/h3><p><span style=\"font-weight: 400;\">Your personal data may be communicated to :<\/span><\/p><ul><li style=\"font-weight: 400;\" aria-level=\"1\"><span style=\"font-weight: 400;\">The CMA Auvergne-Rh\u00f4ne-Alpes for the management and maintenance of the website<\/span><\/li><li style=\"font-weight: 400;\" aria-level=\"1\"><span style=\"font-weight: 400;\">The subcontractors of the CMA Auvergne-Rh\u00f4ne-Alpes participating in the hosting, management and maintenance of the website<\/span><\/li><\/ul><h3><b>7 &#8211; Duration of data retention<\/b><\/h3><p><span style=\"font-weight: 400;\">The personal data of the Internet users are kept and processed for the time necessary to achieve the purpose and at the most for the periods mentioned in the present data protection policy:<\/span><\/p><ul><li style=\"font-weight: 400;\" aria-level=\"1\"><span style=\"font-weight: 400;\">12 months from the date the cookies are deposited in the user&#8217;s equipment;<\/span><\/li><li style=\"font-weight: 400;\" aria-level=\"1\"><span style=\"font-weight: 400;\">6 months for data from contact forms;<\/span><\/li><\/ul><p><span style=\"font-weight: 400;\">Availability of the website: duration of your membership<\/span><span style=\"font-weight: 400;\">. <\/span> <\/p><h3><b>8 &#8211; Your rights<\/b><\/h3><p><span style=\"font-weight: 400;\">You have the right to access, rectify, erase, portability of personal data, opposition, and limitation of processing as provided for in the GDPR that came into force on May 25, 2018.<\/span><\/p><p><span style=\"font-weight: 400;\">The rights referred to in this paragraph may be exercised with the DPO of the CMA Auvergne-Rh\u00f4ne-Alpes dpo@cma-auvergnerhonealpes.fr, by written request accompanied by a photocopy of a valid identity document (front and back, black and white).<\/span><\/p><p><span style=\"font-weight: 400;\">Where processing is based on the consent of the data subject, such consent may be withdrawn at any time. Withdrawal of consent does not affect the lawfulness of processing based on the consent given prior to the withdrawal.<\/span><\/p><p><span style=\"font-weight: 400;\">Finally, you have the right to file a complaint with the CNIL by visiting its website (https:\/\/www.cnil.fr\/fr\/plaintes) or by mail to the following address CNIL &#8211; 3 Place de Fontenoy &#8211; TSA 80715 &#8211; 75334 PARIS CEDEX 07.<\/span><\/p>\t\t\t\t\t\t\t\t<\/div>\n\t\t\t\t<\/div>\n\t\t\t\t<div class=\"elementor-element elementor-element-a50e0f9 elementor-widget elementor-widget-button\" data-id=\"a50e0f9\" data-element_type=\"widget\" data-widget_type=\"button.default\">\n\t\t\t\t<div class=\"elementor-widget-container\">\n\t\t\t\t\t\t\t\t\t<div class=\"elementor-button-wrapper\">\n\t\t\t\t\t<a class=\"elementor-button elementor-button-link elementor-size-sm\" href=\"https:\/\/vabiola.org\/en\/\">\n\t\t\t\t\t\t<span class=\"elementor-button-content-wrapper\">\n\t\t\t\t\t\t<span class=\"elementor-button-icon\">\n\t\t\t\t<svg aria-hidden=\"true\" class=\"e-font-icon-svg e-fas-arrow-left\" viewBox=\"0 0 448 512\" xmlns=\"http:\/\/www.w3.org\/2000\/svg\"><path d=\"M257.5 445.1l-22.2 22.2c-9.4 9.4-24.6 9.4-33.9 0L7 273c-9.4-9.4-9.4-24.6 0-33.9L201.4 44.7c9.4-9.4 24.6-9.4 33.9 0l22.2 22.2c9.5 9.5 9.3 25-.4 34.3L136.6 216H424c13.3 0 24 10.7 24 24v32c0 13.3-10.7 24-24 24H136.6l120.5 114.8c9.8 9.3 10 24.8.4 34.3z\"><\/path><\/svg>\t\t\t<\/span>\n\t\t\t\t\t\t\t\t\t<span class=\"elementor-button-text\">Back to home page<\/span>\n\t\t\t\t\t<\/span>\n\t\t\t\t\t<\/a>\n\t\t\t\t<\/div>\n\t\t\t\t\t\t\t\t<\/div>\n\t\t\t\t<\/div>\n\t\t\t\t\t<\/div>\n\t\t<\/div>\n\t\t\t\t\t<\/div>\n\t\t<\/section>\n\t\t\t\t<\/div>\n\t\t","protected":false},"excerpt":{"rendered":"<p>This website vabiola.org is for the exclusive use of the employees and elected representatives of the CMA Auvergne-Rh\u00f4ne-Alpes within the framework of their employment contract signed with the CMA Auvergne-Rh\u00f4ne-Alpes. Within the framework of the vabiola.org website, CMA Auvergne-Rh\u00f4ne-Alpes is required to process the personal data of the agents and elected representatives of the network [&hellip;]<\/p>\n","protected":false},"author":1,"featured_media":0,"parent":0,"menu_order":0,"comment_status":"closed","ping_status":"closed","template":"","meta":{"site-sidebar-layout":"no-sidebar","site-content-layout":"page-builder","ast-site-content-layout":"","site-content-style":"default","site-sidebar-style":"default","ast-global-header-display":"","ast-banner-title-visibility":"","ast-main-header-display":"","ast-hfb-above-header-display":"","ast-hfb-below-header-display":"","ast-hfb-mobile-header-display":"","site-post-title":"disabled","ast-breadcrumbs-content":"","ast-featured-img":"disabled","footer-sml-layout":"","theme-transparent-header-meta":"default","adv-header-id-meta":"","stick-header-meta":"","header-above-stick-meta":"","header-main-stick-meta":"","header-below-stick-meta":"","astra-migrate-meta-layouts":"default","ast-page-background-enabled":"default","ast-page-background-meta":{"desktop":{"background-color":"","background-image":"","background-repeat":"repeat","background-position":"center center","background-size":"auto","background-attachment":"scroll","background-type":"","background-media":"","overlay-type":"","overlay-color":"","overlay-opacity":"","overlay-gradient":""},"tablet":{"background-color":"","background-image":"","background-repeat":"repeat","background-position":"center center","background-size":"auto","background-attachment":"scroll","background-type":"","background-media":"","overlay-type":"","overlay-color":"","overlay-opacity":"","overlay-gradient":""},"mobile":{"background-color":"","background-image":"","background-repeat":"repeat","background-position":"center center","background-size":"auto","background-attachment":"scroll","background-type":"","background-media":"","overlay-type":"","overlay-color":"","overlay-opacity":"","overlay-gradient":""}},"ast-content-background-meta":{"desktop":{"background-color":"var(--ast-global-color-5)","background-image":"","background-repeat":"repeat","background-position":"center center","background-size":"auto","background-attachment":"scroll","background-type":"","background-media":"","overlay-type":"","overlay-color":"","overlay-opacity":"","overlay-gradient":""},"tablet":{"background-color":"var(--ast-global-color-5)","background-image":"","background-repeat":"repeat","background-position":"center center","background-size":"auto","background-attachment":"scroll","background-type":"","background-media":"","overlay-type":"","overlay-color":"","overlay-opacity":"","overlay-gradient":""},"mobile":{"background-color":"var(--ast-global-color-5)","background-image":"","background-repeat":"repeat","background-position":"center center","background-size":"auto","background-attachment":"scroll","background-type":"","background-media":"","overlay-type":"","overlay-color":"","overlay-opacity":"","overlay-gradient":""}},"footnotes":""},"class_list":["post-6620","page","type-page","status-publish","hentry"],"_links":{"self":[{"href":"https:\/\/vabiola.org\/en\/wp-json\/wp\/v2\/pages\/6620","targetHints":{"allow":["GET"]}}],"collection":[{"href":"https:\/\/vabiola.org\/en\/wp-json\/wp\/v2\/pages"}],"about":[{"href":"https:\/\/vabiola.org\/en\/wp-json\/wp\/v2\/types\/page"}],"author":[{"embeddable":true,"href":"https:\/\/vabiola.org\/en\/wp-json\/wp\/v2\/users\/1"}],"replies":[{"embeddable":true,"href":"https:\/\/vabiola.org\/en\/wp-json\/wp\/v2\/comments?post=6620"}],"version-history":[{"count":0,"href":"https:\/\/vabiola.org\/en\/wp-json\/wp\/v2\/pages\/6620\/revisions"}],"wp:attachment":[{"href":"https:\/\/vabiola.org\/en\/wp-json\/wp\/v2\/media?parent=6620"}],"curies":[{"name":"wp","href":"https:\/\/api.w.org\/{rel}","templated":true}]}}