{"id":6567,"date":"2021-09-23T16:23:40","date_gmt":"2021-09-23T14:23:40","guid":{"rendered":"https:\/\/vabiola.org\/datenschutzrichtlinie\/"},"modified":"2022-09-11T19:25:07","modified_gmt":"2022-09-11T17:25:07","slug":"datenschutzrichtlinie","status":"publish","type":"page","link":"https:\/\/vabiola.org\/de\/datenschutzrichtlinie\/","title":{"rendered":"Datenschutzrichtlinie"},"content":{"rendered":"\t\t<div data-elementor-type=\"wp-page\" data-elementor-id=\"6567\" class=\"elementor elementor-6567 elementor-2398\" data-elementor-post-type=\"page\">\n\t\t\t\t\t\t<section class=\"has_eae_slider elementor-section elementor-top-section elementor-element elementor-element-6f0da772 elementor-section-boxed elementor-section-height-default elementor-section-height-default\" data-eae-slider=\"90286\" data-id=\"6f0da772\" data-element_type=\"section\">\n\t\t\t\t\t\t<div class=\"elementor-container elementor-column-gap-default\">\n\t\t\t\t\t<div class=\"has_eae_slider elementor-column elementor-col-100 elementor-top-column elementor-element elementor-element-27f9732f\" data-eae-slider=\"389\" data-id=\"27f9732f\" data-element_type=\"column\">\n\t\t\t<div class=\"elementor-widget-wrap elementor-element-populated\">\n\t\t\t\t\t\t\t<\/div>\n\t\t<\/div>\n\t\t\t\t\t<\/div>\n\t\t<\/section>\n\t\t\t\t<section class=\"has_eae_slider elementor-section elementor-top-section elementor-element elementor-element-6e8a550 elementor-section-boxed elementor-section-height-default elementor-section-height-default\" data-eae-slider=\"43226\" data-id=\"6e8a550\" data-element_type=\"section\">\n\t\t\t\t\t\t<div class=\"elementor-container elementor-column-gap-default\">\n\t\t\t\t\t<div class=\"has_eae_slider elementor-column elementor-col-100 elementor-top-column elementor-element elementor-element-62d8300\" data-eae-slider=\"84665\" data-id=\"62d8300\" data-element_type=\"column\">\n\t\t\t<div class=\"elementor-widget-wrap elementor-element-populated\">\n\t\t\t\t\t\t<div class=\"elementor-element elementor-element-9f41a76 elementor-widget elementor-widget-text-editor\" data-id=\"9f41a76\" data-element_type=\"widget\" data-widget_type=\"text-editor.default\">\n\t\t\t\t<div class=\"elementor-widget-container\">\n\t\t\t\t\t\t\t\t\t<p><span style=\"font-weight: 400;\">Die vorliegende Website vabiola.org ist ausschlie\u00dflich f\u00fcr die Nutzung durch Mitarbeiter und gew\u00e4hlte Vertreter der CMA Auvergne-Rh\u00f4ne-Alpes im Rahmen ihres mit der CMA Auvergne-Rh\u00f4ne-Alpes unterzeichneten Arbeitsvertrags bestimmt.<\/span><\/p><p><span style=\"font-weight: 400;\">Im Rahmen der Website vabiola.org verarbeitet CMA Auvergne-Rh\u00f4ne-Alpes personenbezogene Daten von Bediensteten und gew\u00e4hlten Vertretern des Netzwerks der Handwerkskammern.<\/span><\/p><p><span style=\"font-weight: 400;\"> <\/span><\/p><h3><b>1 &#8211; Anwendungsbereiche<\/b><\/h3><p><span style=\"font-weight: 400;\">Die Datenschutzrichtlinie betrifft alle nat\u00fcrlichen Personen, die in Verbindung mit der Handwerkskammer der Region Auvergne-Rh\u00f4ne-Alpes stehen und in ihrer Eigenschaft als Bedienstete oder gew\u00e4hlte Vertreter des Netzwerks der Handwerkskammern Zugang zur Website (Plattform) haben.<\/span><\/p><p><span style=\"font-weight: 400;\">Die Nutzer der vorliegenden Website k\u00f6nnen dem Herausgeber der Website personenbezogene Daten \u00fcber sich selbst mitteilen, indem sie die verschiedenen Sammelmedien, Tools und Dienste nutzen, die ihnen auf der Website zur Verf\u00fcgung stehen:<\/span><\/p><ul><li style=\"font-weight: 400;\" aria-level=\"1\"><span style=\"font-weight: 400;\">Formular zum Sammeln von Informationen,<\/span><\/li><li style=\"font-weight: 400;\" aria-level=\"1\"><span style=\"font-weight: 400;\">Cookies ;<\/span><\/li><\/ul><h3><b>2 &#8211; Identit\u00e4t und Kontaktdaten des f\u00fcr die Verarbeitung Verantwortlichen  <\/b><\/h3><p><span style=\"font-weight: 400;\">Der Verantwortliche f\u00fcr die Datenverarbeitung :<br><\/span><span style=\"font-weight: 400;\">Herr Pr\u00e4sident<br><\/span><span style=\"font-weight: 400;\">Pr\u00e4sident der Chambre de M\u00e9tiers et de l&#8217;Artisanat de R\u00e9gion Auvergne-Rh\u00f4ne-Alpes (Handwerkskammer der Region Auvergne-Rh\u00f4ne-Alpes)<br><\/span><span style=\"font-weight: 400;\">10 rue Paul Montrochet <br><\/span><span style=\"font-weight: 400;\">69002 Lyon<\/span><\/p><h3><b>3 &#8211; Kontaktdaten des Datenschutzbeauftragten  <\/b><\/h3><p><span style=\"font-weight: 400;\">Die Chambre de M\u00e9tiers et de l&#8217;Artisanat de R\u00e9gion Auvergne-Rh\u00f4ne-Alpes hat einen Datenschutzbeauftragten ernannt, dessen Aufgabe es ist, die Konformit\u00e4t der Datenverarbeitung zu gew\u00e4hrleisten und die Aus\u00fcbung Ihrer Rechte zu sichern, erreichbar :  <\/span><\/p><ul><li style=\"font-weight: 400;\" aria-level=\"1\"><span style=\"font-weight: 400;\">Per E-Mail an die folgende Adresse: dpo@cma-auvergnerhonealpes.fr  <\/span><\/li><li style=\"font-weight: 400;\" aria-level=\"1\"><span style=\"font-weight: 400;\">Per Post an: D\u00e9l\u00e9gu\u00e9 \u00e0 la protection des donn\u00e9es &#8211; Chambre de M\u00e9tiers et de l&#8217;Artisanat de R\u00e9gion Auvergne-Rh\u00f4ne-Alpes &#8211; 10 rue Paul Montrochet, 69002 Lyon.<\/span><\/li><\/ul><h3><b>4 &#8211; Zweck der durchgef\u00fchrten Verarbeitung  <\/b><\/h3><p><span style=\"font-weight: 400;\">Die Verarbeitung personenbezogener Daten, die im Rahmen der Website vabiola.org durchgef\u00fchrt wird, dient folgenden Zwecken:  <\/span><\/p><ul><li style=\"font-weight: 400;\" aria-level=\"1\"><span style=\"font-weight: 400;\">Management und Verwaltung der Plattform<\/span><\/li><li style=\"font-weight: 400;\" aria-level=\"1\"><span style=\"font-weight: 400;\">Verbreitung von Newslettern<\/span><\/li><li style=\"font-weight: 400;\" aria-level=\"1\"><span style=\"font-weight: 400;\">Verbreitung von Newsfeeds  <\/span><\/li><li style=\"font-weight: 400;\" aria-level=\"1\"><span style=\"font-weight: 400;\">Verbreitung interner Nachrichten<\/span><\/li><li style=\"font-weight: 400;\" aria-level=\"1\"><span style=\"font-weight: 400;\">Erstellung von Statistiken \u00fcber das Publikum und die Nutzung der Website<\/span><\/li><\/ul><p><span style=\"font-weight: 400;\">Diese Liste ist nicht ersch\u00f6pfend.  <\/span><\/p><p><span style=\"font-weight: 400;\">Die zur Erf\u00fcllung dieser Zwecke durchgef\u00fchrte Verarbeitung personenbezogener Daten beruht auf dem von uns verfolgten Interesse, n\u00e4mlich der internen Bereitstellung von Informationen \u00fcber die T\u00e4tigkeit und die Funktionsweise der CMA Auvergne-Rh\u00f4ne-Alpes.  <\/span><\/p><p><span style=\"font-weight: 400;\">Die vom Nutzer \u00fcber die auf der Website verf\u00fcgbaren Formulare \u00fcbermittelten Informationen sind ausschlie\u00dflich f\u00fcr die Verwaltung von Inhalten im Hinblick auf die Ver\u00f6ffentlichung auf der Website vabiola.org bestimmt. Die Pflicht zur Angabe von Informationen wird durch ein Sternchen gekennzeichnet. Die Nichtbereitstellung dieser Daten hat zur Folge, dass der Herausgeber Ihre Anfrage nicht bearbeiten kann oder dass Sie das Tool nicht nutzen k\u00f6nnen.<\/span><\/p><p><span style=\"font-weight: 400;\">Dar\u00fcber hinaus dienen die auf der Website vorhandenen Cookies dem Zweck, das reibungslose Funktionieren und die Verbesserung der Website zu erm\u00f6glichen sowie Anomalien zu erkennen und das Publikum der Website zu messen.  <\/span><\/p><p><span style=\"font-weight: 400;\">Wir weisen Sie darauf hin, dass sich die Website vabiola.org, im Laufe der Zeit weiterentwickeln wird. Wenn neue Funktionen eine Verarbeitung personenbezogener Daten beinhalten, die nicht mit den oben genannten Zwecken vereinbar ist, wird diese Datenschutzrichtlinie aktualisiert und Sie werden dar\u00fcber benachrichtigt.<\/span><\/p><p><span style=\"font-weight: 400;\">Die auf dieser Website erhobenen personenbezogenen Daten sind: Name, Vorname, berufliche T\u00e4tigkeit, Ort.<\/span><\/p><h3><b>5 &#8211; Cookies und Aktivit\u00e4tsverfolgung  <\/b><\/h3><p><span style=\"font-weight: 400;\">Cookies sind Textdateien, die innerhalb Ihres Verbindungsterminals gespeichert werden und dazu dienen, pers\u00f6nliche und technische Daten in Bezug auf die Navigation auf der Website zu speichern. Cookies k\u00f6nnen tempor\u00e4r oder dauerhaft sein.<\/span><\/p><p><span style=\"font-weight: 400;\">Die Website verwendet Cookies oder andere Technologien, die Ihre personenbezogenen Daten erfassen oder speichern k\u00f6nnen. Cookies werden ausgewertet, um :<\/span><\/p><ul><li style=\"font-weight: 400;\" aria-level=\"1\"><span style=\"font-weight: 400;\">die Nutzererfahrung zu verbessern, insbesondere durch die Erkennung Ihres Verbindungsterminals<\/span><\/li><li style=\"font-weight: 400;\" aria-level=\"1\"><span style=\"font-weight: 400;\">Analyse des Datenverkehrs und der Daten auf der Website vabiola.org, um :  <\/span><ul><li style=\"font-weight: 400;\" aria-level=\"2\"><span style=\"font-weight: 400;\">Messen des Publikums der Website, um die Nutzererfahrung zu verbessern,<\/span><\/li><li style=\"font-weight: 400;\" aria-level=\"2\"><span style=\"font-weight: 400;\">Zu verstehen, wie Sie die genannte Website nutzen, um die Funktionalit\u00e4t und Leistung zu verbessern.<\/span><\/li><\/ul><\/li><\/ul><p><span style=\"font-weight: 400;\">Die \u00dcberwachung der Aktivit\u00e4ten erfolgt durch die Direktion Marke und Kommunikation der CMA Auvergne-Rh\u00f4ne-Alpes.<\/span><\/p><p><span style=\"font-weight: 400;\">Die Verwendung von Cookies ist auf die strikten technischen Erfordernisse beschr\u00e4nkt; Sie k\u00f6nnen Ihren Browser jederzeit so einstellen, dass Cookies systematisch kontrolliert werden.<\/span><\/p><h3><b>6 &#8211; Empf\u00e4nger der Daten<\/b><\/h3><p><span style=\"font-weight: 400;\">Ihre personenbezogenen Daten werden m\u00f6glicherweise weitergegeben an :<\/span><\/p><ul><li style=\"font-weight: 400;\" aria-level=\"1\"><span style=\"font-weight: 400;\">CMA Auvergne-Rh\u00f4ne-Alpes f\u00fcr die Verwaltung und Pflege der Website<\/span><\/li><li style=\"font-weight: 400;\" aria-level=\"1\"><span style=\"font-weight: 400;\">Die Subunternehmer der CMA Auvergne-Rh\u00f4ne-Alpes, die insbesondere am Hosting, der Verwaltung und der Wartung der Website beteiligt sind<\/span><\/li><\/ul><h3><b>7 &#8211; Dauer der Speicherung von Daten<\/b><\/h3><p><span style=\"font-weight: 400;\">Die personenbezogenen Daten von Internetnutzern werden nur so lange aufbewahrt und verarbeitet, wie es f\u00fcr die Erreichung des verfolgten Zwecks erforderlich ist, und h\u00f6chstens f\u00fcr die in dieser Datenschutzrichtlinie genannten Zeitr\u00e4ume :<\/span><\/p><ul><li style=\"font-weight: 400;\" aria-level=\"1\"><span style=\"font-weight: 400;\">12 Monate ab dem Zeitpunkt, an dem die Cookies auf dem Ger\u00e4t des Nutzers abgelegt wurden ;<\/span><\/li><li style=\"font-weight: 400;\" aria-level=\"1\"><span style=\"font-weight: 400;\">6 Monate f\u00fcr Daten aus Kontaktformularen ;<\/span><\/li><\/ul><p><span style=\"font-weight: 400;\">Bereitstellung der Website: Dauer, w\u00e4hrend der Sie Teil der Belegschaft sind<\/span><span style=\"font-weight: 400;\">. <\/span> <\/p><h3><b>8 &#8211; Ihre Rechte<\/b><\/h3><p><span style=\"font-weight: 400;\">Sie haben das Recht auf Zugang, Berichtigung, L\u00f6schung, \u00dcbertragbarkeit personenbezogener Daten, Widerspruch und Einschr\u00e4nkung der Verarbeitung, wie es in der am 25. Mai 2018 in Kraft getretenen DSGVO vorgesehen ist.<\/span><\/p><p><span style=\"font-weight: 400;\">Die in diesem Absatz genannten Rechte k\u00f6nnen beim DPO der CMA Auvergne-Rh\u00f4ne-Alpes dpo@cma-auvergnerhonealpes.fr durch schriftliche Anfrage mit einer Fotokopie eines g\u00fcltigen Identit\u00e4tsnachweises (Vorder- und R\u00fcckseite, schwarz-wei\u00df) geltend gemacht werden.<\/span><\/p><p><span style=\"font-weight: 400;\">Wenn die Verarbeitung auf der Einwilligung der betroffenen Person beruht, kann diese Einwilligung jederzeit widerrufen werden. Der Widerruf der Einwilligung beeintr\u00e4chtigt nicht die Rechtm\u00e4\u00dfigkeit der Verarbeitung auf der Grundlage der Einwilligung, die vor dem Widerruf erfolgte.<\/span><\/p><p><span style=\"font-weight: 400;\">Schlie\u00dflich haben Sie das Recht, eine Beschwerde bei der CNIL einzureichen, indem Sie deren Website besuchen (https:\/\/www.cnil.fr\/fr\/plaintes) oder einen Brief an die folgende Adresse schicken: CNIL &#8211; 3 Place de Fontenoy &#8211; TSA 80715 &#8211; 75334 PARIS CEDEX 07.<\/span><\/p>\t\t\t\t\t\t\t\t<\/div>\n\t\t\t\t<\/div>\n\t\t\t\t<div class=\"elementor-element elementor-element-a50e0f9 elementor-widget elementor-widget-button\" data-id=\"a50e0f9\" data-element_type=\"widget\" data-widget_type=\"button.default\">\n\t\t\t\t<div class=\"elementor-widget-container\">\n\t\t\t\t\t\t\t\t\t<div class=\"elementor-button-wrapper\">\n\t\t\t\t\t<a class=\"elementor-button elementor-button-link elementor-size-sm\" href=\"https:\/\/vabiola.org\/de\/\">\n\t\t\t\t\t\t<span class=\"elementor-button-content-wrapper\">\n\t\t\t\t\t\t<span class=\"elementor-button-icon\">\n\t\t\t\t<svg aria-hidden=\"true\" class=\"e-font-icon-svg e-fas-arrow-left\" viewBox=\"0 0 448 512\" xmlns=\"http:\/\/www.w3.org\/2000\/svg\"><path d=\"M257.5 445.1l-22.2 22.2c-9.4 9.4-24.6 9.4-33.9 0L7 273c-9.4-9.4-9.4-24.6 0-33.9L201.4 44.7c9.4-9.4 24.6-9.4 33.9 0l22.2 22.2c9.5 9.5 9.3 25-.4 34.3L136.6 216H424c13.3 0 24 10.7 24 24v32c0 13.3-10.7 24-24 24H136.6l120.5 114.8c9.8 9.3 10 24.8.4 34.3z\"><\/path><\/svg>\t\t\t<\/span>\n\t\t\t\t\t\t\t\t\t<span class=\"elementor-button-text\">Zur\u00fcck zur Startseite<\/span>\n\t\t\t\t\t<\/span>\n\t\t\t\t\t<\/a>\n\t\t\t\t<\/div>\n\t\t\t\t\t\t\t\t<\/div>\n\t\t\t\t<\/div>\n\t\t\t\t\t<\/div>\n\t\t<\/div>\n\t\t\t\t\t<\/div>\n\t\t<\/section>\n\t\t\t\t<\/div>\n\t\t","protected":false},"excerpt":{"rendered":"<p>Die vorliegende Website vabiola.org ist ausschlie\u00dflich f\u00fcr die Nutzung durch Mitarbeiter und gew\u00e4hlte Vertreter der CMA Auvergne-Rh\u00f4ne-Alpes im Rahmen ihres mit der CMA Auvergne-Rh\u00f4ne-Alpes unterzeichneten Arbeitsvertrags bestimmt. Im Rahmen der Website vabiola.org verarbeitet CMA Auvergne-Rh\u00f4ne-Alpes personenbezogene Daten von Bediensteten und gew\u00e4hlten Vertretern des Netzwerks der Handwerkskammern. 1 &#8211; Anwendungsbereiche Die Datenschutzrichtlinie betrifft alle nat\u00fcrlichen Personen, [&hellip;]<\/p>\n","protected":false},"author":1,"featured_media":0,"parent":0,"menu_order":0,"comment_status":"closed","ping_status":"closed","template":"","meta":{"site-sidebar-layout":"no-sidebar","site-content-layout":"page-builder","ast-site-content-layout":"","site-content-style":"default","site-sidebar-style":"default","ast-global-header-display":"","ast-banner-title-visibility":"","ast-main-header-display":"","ast-hfb-above-header-display":"","ast-hfb-below-header-display":"","ast-hfb-mobile-header-display":"","site-post-title":"disabled","ast-breadcrumbs-content":"","ast-featured-img":"disabled","footer-sml-layout":"","theme-transparent-header-meta":"default","adv-header-id-meta":"","stick-header-meta":"","header-above-stick-meta":"","header-main-stick-meta":"","header-below-stick-meta":"","astra-migrate-meta-layouts":"default","ast-page-background-enabled":"default","ast-page-background-meta":{"desktop":{"background-color":"","background-image":"","background-repeat":"repeat","background-position":"center center","background-size":"auto","background-attachment":"scroll","background-type":"","background-media":"","overlay-type":"","overlay-color":"","overlay-opacity":"","overlay-gradient":""},"tablet":{"background-color":"","background-image":"","background-repeat":"repeat","background-position":"center center","background-size":"auto","background-attachment":"scroll","background-type":"","background-media":"","overlay-type":"","overlay-color":"","overlay-opacity":"","overlay-gradient":""},"mobile":{"background-color":"","background-image":"","background-repeat":"repeat","background-position":"center center","background-size":"auto","background-attachment":"scroll","background-type":"","background-media":"","overlay-type":"","overlay-color":"","overlay-opacity":"","overlay-gradient":""}},"ast-content-background-meta":{"desktop":{"background-color":"var(--ast-global-color-5)","background-image":"","background-repeat":"repeat","background-position":"center center","background-size":"auto","background-attachment":"scroll","background-type":"","background-media":"","overlay-type":"","overlay-color":"","overlay-opacity":"","overlay-gradient":""},"tablet":{"background-color":"var(--ast-global-color-5)","background-image":"","background-repeat":"repeat","background-position":"center center","background-size":"auto","background-attachment":"scroll","background-type":"","background-media":"","overlay-type":"","overlay-color":"","overlay-opacity":"","overlay-gradient":""},"mobile":{"background-color":"var(--ast-global-color-5)","background-image":"","background-repeat":"repeat","background-position":"center center","background-size":"auto","background-attachment":"scroll","background-type":"","background-media":"","overlay-type":"","overlay-color":"","overlay-opacity":"","overlay-gradient":""}},"footnotes":""},"class_list":["post-6567","page","type-page","status-publish","hentry"],"_links":{"self":[{"href":"https:\/\/vabiola.org\/de\/wp-json\/wp\/v2\/pages\/6567","targetHints":{"allow":["GET"]}}],"collection":[{"href":"https:\/\/vabiola.org\/de\/wp-json\/wp\/v2\/pages"}],"about":[{"href":"https:\/\/vabiola.org\/de\/wp-json\/wp\/v2\/types\/page"}],"author":[{"embeddable":true,"href":"https:\/\/vabiola.org\/de\/wp-json\/wp\/v2\/users\/1"}],"replies":[{"embeddable":true,"href":"https:\/\/vabiola.org\/de\/wp-json\/wp\/v2\/comments?post=6567"}],"version-history":[{"count":0,"href":"https:\/\/vabiola.org\/de\/wp-json\/wp\/v2\/pages\/6567\/revisions"}],"wp:attachment":[{"href":"https:\/\/vabiola.org\/de\/wp-json\/wp\/v2\/media?parent=6567"}],"curies":[{"name":"wp","href":"https:\/\/api.w.org\/{rel}","templated":true}]}}